{"id":755,"date":"2019-11-17T14:52:07","date_gmt":"2019-11-17T14:52:07","guid":{"rendered":"https:\/\/banzai.pt\/contacts\/"},"modified":"2024-07-05T14:26:22","modified_gmt":"2024-07-05T14:26:22","slug":"contacts","status":"publish","type":"page","link":"https:\/\/banzai.pt\/fr\/contacts\/","title":{"rendered":"Contacts"},"content":{"rendered":"[vc_row type=\u00a0\u00bbfull_width_content\u00a0\u00bb full_screen_row_position=\u00a0\u00bbmiddle\u00a0\u00bb column_margin=\u00a0\u00bbdefault\u00a0\u00bb equal_height=\u00a0\u00bbyes\u00a0\u00bb column_direction=\u00a0\u00bbdefault\u00a0\u00bb column_direction_tablet=\u00a0\u00bbdefault\u00a0\u00bb column_direction_phone=\u00a0\u00bbdefault\u00a0\u00bb bg_color=\u00a0\u00bb#141414&Prime; scene_position=\u00a0\u00bbcenter\u00a0\u00bb text_color=\u00a0\u00bblight\u00a0\u00bb text_align=\u00a0\u00bbleft\u00a0\u00bb row_border_radius=\u00a0\u00bbnone\u00a0\u00bb row_border_radius_applies=\u00a0\u00bbbg\u00a0\u00bb overflow=\u00a0\u00bbvisible\u00a0\u00bb overlay_strength=\u00a0\u00bb0.3&Prime; gradient_direction=\u00a0\u00bbleft_to_right\u00a0\u00bb shape_divider_position=\u00a0\u00bbbottom\u00a0\u00bb bg_image_animation=\u00a0\u00bbnone\u00a0\u00bb][vc_column column_padding=\u00a0\u00bbno-extra-padding\u00a0\u00bb column_padding_tablet=\u00a0\u00bbinherit\u00a0\u00bb column_padding_phone=\u00a0\u00bbinherit\u00a0\u00bb column_padding_position=\u00a0\u00bball\u00a0\u00bb column_element_direction_desktop=\u00a0\u00bbdefault\u00a0\u00bb column_element_spacing=\u00a0\u00bbdefault\u00a0\u00bb desktop_text_alignment=\u00a0\u00bbdefault\u00a0\u00bb tablet_text_alignment=\u00a0\u00bbdefault\u00a0\u00bb phone_text_alignment=\u00a0\u00bbdefault\u00a0\u00bb background_color_opacity=\u00a0\u00bb1&Prime; background_hover_color_opacity=\u00a0\u00bb1&Prime; column_backdrop_filter=\u00a0\u00bbnone\u00a0\u00bb column_shadow=\u00a0\u00bbnone\u00a0\u00bb column_border_radius=\u00a0\u00bbnone\u00a0\u00bb column_link_target=\u00a0\u00bb_self\u00a0\u00bb column_position=\u00a0\u00bbdefault\u00a0\u00bb gradient_direction=\u00a0\u00bbleft_to_right\u00a0\u00bb overlay_strength=\u00a0\u00bb0.3&Prime; width=\u00a0\u00bb1\/2&Prime; tablet_width_inherit=\u00a0\u00bbdefault\u00a0\u00bb animation_type=\u00a0\u00bbdefault\u00a0\u00bb enable_animation=\u00a0\u00bbtrue\u00a0\u00bb animation=\u00a0\u00bbgrow-in\u00a0\u00bb animation_easing=\u00a0\u00bbdefault\u00a0\u00bb bg_image_animation=\u00a0\u00bbnone\u00a0\u00bb border_type=\u00a0\u00bbsimple\u00a0\u00bb column_border_width=\u00a0\u00bbnone\u00a0\u00bb column_border_style=\u00a0\u00bbsolid\u00a0\u00bb delay=\u00a0\u00bb200&Prime;][nectar_gmap map_type=\u00a0\u00bbgoogle\u00a0\u00bb zoom=\u00a0\u00bb16&Prime; enable_zoom=\u00a0\u00bb1&Prime; marker_style=\u00a0\u00bbnectar\u00a0\u00bb nectar_marker_color=\u00a0\u00bbaccent-color\u00a0\u00bb marker_animation=\u00a0\u00bb1&Prime; size=\u00a0\u00bb1080&Prime; map_center_lat=\u00a0\u00bb41.1482921&Prime; map_center_lng=\u00a0\u00bb-8.6079514&Prime; map_markers=\u00a0\u00bb41.1482921|-8.6079514&Prime;][\/vc_column][vc_column column_padding=\u00a0\u00bbpadding-8-percent\u00a0\u00bb column_padding_tablet=\u00a0\u00bbinherit\u00a0\u00bb column_padding_phone=\u00a0\u00bbinherit\u00a0\u00bb column_padding_position=\u00a0\u00bball\u00a0\u00bb column_element_direction_desktop=\u00a0\u00bbdefault\u00a0\u00bb column_element_spacing=\u00a0\u00bbdefault\u00a0\u00bb desktop_text_alignment=\u00a0\u00bbdefault\u00a0\u00bb tablet_text_alignment=\u00a0\u00bbdefault\u00a0\u00bb phone_text_alignment=\u00a0\u00bbdefault\u00a0\u00bb background_color=\u00a0\u00bb#ff1053&Prime; background_color_opacity=\u00a0\u00bb0.9&Prime; background_hover_color_opacity=\u00a0\u00bb1&Prime; background_image=\u00a0\u00bb123&Prime; background_image_position=\u00a0\u00bbcenter center\u00a0\u00bb background_image_stacking=\u00a0\u00bbdefault\u00a0\u00bb enable_bg_scale=\u00a0\u00bbtrue\u00a0\u00bb background_image_loading=\u00a0\u00bbdefault\u00a0\u00bb column_backdrop_filter=\u00a0\u00bbnone\u00a0\u00bb column_shadow=\u00a0\u00bbnone\u00a0\u00bb column_border_radius=\u00a0\u00bbnone\u00a0\u00bb column_link_target=\u00a0\u00bb_self\u00a0\u00bb column_position=\u00a0\u00bbdefault\u00a0\u00bb gradient_direction=\u00a0\u00bbleft_to_right\u00a0\u00bb overlay_strength=\u00a0\u00bb0.3&Prime; width=\u00a0\u00bb1\/2&Prime; tablet_width_inherit=\u00a0\u00bbdefault\u00a0\u00bb animation_type=\u00a0\u00bbdefault\u00a0\u00bb enable_animation=\u00a0\u00bbtrue\u00a0\u00bb animation=\u00a0\u00bbgrow-in\u00a0\u00bb animation_easing=\u00a0\u00bbdefault\u00a0\u00bb bg_image_animation=\u00a0\u00bbnone\u00a0\u00bb border_type=\u00a0\u00bbsimple\u00a0\u00bb column_border_width=\u00a0\u00bbnone\u00a0\u00bb column_border_style=\u00a0\u00bbsolid\u00a0\u00bb delay=\u00a0\u00bb300&Prime;][vc_column_text css_animation=\u00a0\u00bbnone\u00a0\u00bb css=\u00a0\u00bb\u00a0\u00bb text_direction=\u00a0\u00bbdefault\u00a0\u00bb]\n<h3>Contacts<\/h3>\n<h5><\/h5>\n<h5>T\u00e9l\u00e9phone et e-mail<\/h5>\n<p>+351 22 328 22 22 (co\u00fbt de l\u2019appel sur le r\u00e9seau fixe national)<\/p>\n<p>team@banzai.pt<\/p>\n<p>Partenariats : partners@banzai.pt<\/p>\n<p>&nbsp;<\/p>\n<h5>adresse<\/h5>\n<p>Rua Dr. Antonio Emillio Magalhaes 24<\/p>\n<p>4000-090 Porto, Portugal<\/p>\n<p>GPS: 786587658765, 9868976<\/p>\n<a class=\"nectar-button n-sc-button medium see-through-2\" target=\"_blank\" href=\"http:\/\/maps.google.com\/?q=41.1482921,-8.6079514\" data-color-override=\"false\" data-hover-color-override=\"false\" data-hover-text-color-override=\"#fff\"><span>Directions<\/span><\/a>\n<h5><\/h5>\n<p>&nbsp;<\/p>\n<h5>Comment s&rsquo;y rendre<\/h5>\n<p>En train :<\/p>\n<ul>\n<li>De Lisbonne: Sta Apol\u00e2nia \/ Oriente, \u00e0 la station de Campanha (Bus 207) et puis \u00e0 la station de Sao Bento en m\u00e9tro<\/li>\n<\/ul>\n<p>En m\u00e9tro :<\/p>\n<ul>\n<li>De l&rsquo;a\u00e9roport &#8211; descendre \u00e0 la gare de Bolh\u00f4o<\/li>\n<\/ul>\n[\/vc_column_text][\/vc_column][\/vc_row]\n","protected":false},"excerpt":{"rendered":"<p>[vc_row type=\u00a0\u00bbfull_width_content\u00a0\u00bb full_screen_row_position=\u00a0\u00bbmiddle\u00a0\u00bb column_margin=\u00a0\u00bbdefault\u00a0\u00bb equal_height=\u00a0\u00bbyes\u00a0\u00bb column_direction=\u00a0\u00bbdefault\u00a0\u00bb column_direction_tablet=\u00a0\u00bbdefault\u00a0\u00bb column_direction_phone=\u00a0\u00bbdefault\u00a0\u00bb bg_color=\u00a0\u00bb#141414&Prime; scene_position=\u00a0\u00bbcenter\u00a0\u00bb text_color=\u00a0\u00bblight\u00a0\u00bb text_align=\u00a0\u00bbleft\u00a0\u00bb row_border_radius=\u00a0\u00bbnone\u00a0\u00bb row_border_radius_applies=\u00a0\u00bbbg\u00a0\u00bb overflow=\u00a0\u00bbvisible\u00a0\u00bb overlay_strength=\u00a0\u00bb0.3&Prime; gradient_direction=\u00a0\u00bbleft_to_right\u00a0\u00bb shape_divider_position=\u00a0\u00bbbottom\u00a0\u00bb bg_image_animation=\u00a0\u00bbnone\u00a0\u00bb][vc_column column_padding=\u00a0\u00bbno-extra-padding\u00a0\u00bb column_padding_tablet=\u00a0\u00bbinherit\u00a0\u00bb column_padding_phone=\u00a0\u00bbinherit\u00a0\u00bb column_padding_position=\u00a0\u00bball\u00a0\u00bb column_element_direction_desktop=\u00a0\u00bbdefault\u00a0\u00bb column_element_spacing=\u00a0\u00bbdefault\u00a0\u00bb desktop_text_alignment=\u00a0\u00bbdefault\u00a0\u00bb tablet_text_alignment=\u00a0\u00bbdefault\u00a0\u00bb phone_text_alignment=\u00a0\u00bbdefault\u00a0\u00bb background_color_opacity=\u00a0\u00bb1&Prime; background_hover_color_opacity=\u00a0\u00bb1&Prime;&#8230;<\/p>\n","protected":false},"author":1,"featured_media":0,"parent":0,"menu_order":0,"comment_status":"closed","ping_status":"closed","template":"","meta":{"iawp_total_views":17,"footnotes":""},"class_list":["post-755","page","type-page","status-publish"],"yoast_head":"<!-- This site is optimized with the Yoast SEO plugin v27.6 - https:\/\/yoast.com\/product\/yoast-seo-wordpress\/ -->\n<title>Contacts Banzai \u00e0 Porto<\/title>\n<meta name=\"description\" content=\"Contactez-nous par e-mail pour team@banzai.pt ou appelez le num\u00e9ro 351 915901013 pour r\u00e9server les activit\u00e9s les plus originales de porto\" \/>\n<meta name=\"robots\" content=\"index, follow, max-snippet:-1, max-image-preview:large, max-video-preview:-1\" \/>\n<link rel=\"canonical\" href=\"https:\/\/banzai.pt\/fr\/contacts\/\" \/>\n<meta property=\"og:locale\" content=\"fr_FR\" \/>\n<meta property=\"og:type\" content=\"article\" \/>\n<meta property=\"og:title\" content=\"Contacts Banzai \u00e0 Porto\" \/>\n<meta property=\"og:description\" content=\"Contactez-nous par e-mail pour team@banzai.pt ou appelez le num\u00e9ro 351 915901013 pour r\u00e9server les activit\u00e9s les plus originales de porto\" \/>\n<meta property=\"og:url\" content=\"https:\/\/banzai.pt\/fr\/contacts\/\" \/>\n<meta property=\"og:site_name\" content=\"Banzai\" \/>\n<meta property=\"article:modified_time\" content=\"2024-07-05T14:26:22+00:00\" \/>\n<meta name=\"twitter:card\" content=\"summary_large_image\" \/>\n<meta name=\"twitter:label1\" content=\"Dur\u00e9e de lecture estim\u00e9e\" \/>\n\t<meta name=\"twitter:data1\" content=\"2 minutes\" \/>\n<script type=\"application\/ld+json\" class=\"yoast-schema-graph\">{\"@context\":\"https:\\\/\\\/schema.org\",\"@graph\":[{\"@type\":\"WebPage\",\"@id\":\"https:\\\/\\\/banzai.pt\\\/fr\\\/contacts\\\/\",\"url\":\"https:\\\/\\\/banzai.pt\\\/fr\\\/contacts\\\/\",\"name\":\"Contacts Banzai \u00e0 Porto\",\"isPartOf\":{\"@id\":\"https:\\\/\\\/banzai.pt\\\/fr\\\/#website\"},\"datePublished\":\"2019-11-17T14:52:07+00:00\",\"dateModified\":\"2024-07-05T14:26:22+00:00\",\"description\":\"Contactez-nous par e-mail pour team@banzai.pt ou appelez le num\u00e9ro 351 915901013 pour r\u00e9server les activit\u00e9s les plus originales de porto\",\"breadcrumb\":{\"@id\":\"https:\\\/\\\/banzai.pt\\\/fr\\\/contacts\\\/#breadcrumb\"},\"inLanguage\":\"fr-FR\",\"potentialAction\":[{\"@type\":\"ReadAction\",\"target\":[\"https:\\\/\\\/banzai.pt\\\/fr\\\/contacts\\\/\"]}]},{\"@type\":\"BreadcrumbList\",\"@id\":\"https:\\\/\\\/banzai.pt\\\/fr\\\/contacts\\\/#breadcrumb\",\"itemListElement\":[{\"@type\":\"ListItem\",\"position\":1,\"name\":\"Home\",\"item\":\"https:\\\/\\\/banzai.pt\\\/fr\\\/maison\\\/\"},{\"@type\":\"ListItem\",\"position\":2,\"name\":\"Contacts\"}]},{\"@type\":\"WebSite\",\"@id\":\"https:\\\/\\\/banzai.pt\\\/fr\\\/#website\",\"url\":\"https:\\\/\\\/banzai.pt\\\/fr\\\/\",\"name\":\"Banzai\",\"description\":\"Banzai\",\"publisher\":{\"@id\":\"https:\\\/\\\/banzai.pt\\\/fr\\\/#organization\"},\"potentialAction\":[{\"@type\":\"SearchAction\",\"target\":{\"@type\":\"EntryPoint\",\"urlTemplate\":\"https:\\\/\\\/banzai.pt\\\/fr\\\/?s={search_term_string}\"},\"query-input\":{\"@type\":\"PropertyValueSpecification\",\"valueRequired\":true,\"valueName\":\"search_term_string\"}}],\"inLanguage\":\"fr-FR\"},{\"@type\":\"Organization\",\"@id\":\"https:\\\/\\\/banzai.pt\\\/fr\\\/#organization\",\"name\":\"Banzai\",\"url\":\"https:\\\/\\\/banzai.pt\\\/fr\\\/\",\"logo\":{\"@type\":\"ImageObject\",\"inLanguage\":\"fr-FR\",\"@id\":\"https:\\\/\\\/banzai.pt\\\/fr\\\/#\\\/schema\\\/logo\\\/image\\\/\",\"url\":\"https:\\\/\\\/banzai.pt\\\/wp-content\\\/uploads\\\/2019\\\/07\\\/hero.png\",\"contentUrl\":\"https:\\\/\\\/banzai.pt\\\/wp-content\\\/uploads\\\/2019\\\/07\\\/hero.png\",\"width\":2560,\"height\":1870,\"caption\":\"Banzai\"},\"image\":{\"@id\":\"https:\\\/\\\/banzai.pt\\\/fr\\\/#\\\/schema\\\/logo\\\/image\\\/\"}}]}<\/script>\n<!-- \/ Yoast SEO plugin. -->","yoast_head_json":{"title":"Contacts Banzai \u00e0 Porto","description":"Contactez-nous par e-mail pour team@banzai.pt ou appelez le num\u00e9ro 351 915901013 pour r\u00e9server les activit\u00e9s les plus originales de porto","robots":{"index":"index","follow":"follow","max-snippet":"max-snippet:-1","max-image-preview":"max-image-preview:large","max-video-preview":"max-video-preview:-1"},"canonical":"https:\/\/banzai.pt\/fr\/contacts\/","og_locale":"fr_FR","og_type":"article","og_title":"Contacts Banzai \u00e0 Porto","og_description":"Contactez-nous par e-mail pour team@banzai.pt ou appelez le num\u00e9ro 351 915901013 pour r\u00e9server les activit\u00e9s les plus originales de porto","og_url":"https:\/\/banzai.pt\/fr\/contacts\/","og_site_name":"Banzai","article_modified_time":"2024-07-05T14:26:22+00:00","twitter_card":"summary_large_image","twitter_misc":{"Dur\u00e9e de lecture estim\u00e9e":"2 minutes"},"schema":{"@context":"https:\/\/schema.org","@graph":[{"@type":"WebPage","@id":"https:\/\/banzai.pt\/fr\/contacts\/","url":"https:\/\/banzai.pt\/fr\/contacts\/","name":"Contacts Banzai \u00e0 Porto","isPartOf":{"@id":"https:\/\/banzai.pt\/fr\/#website"},"datePublished":"2019-11-17T14:52:07+00:00","dateModified":"2024-07-05T14:26:22+00:00","description":"Contactez-nous par e-mail pour team@banzai.pt ou appelez le num\u00e9ro 351 915901013 pour r\u00e9server les activit\u00e9s les plus originales de porto","breadcrumb":{"@id":"https:\/\/banzai.pt\/fr\/contacts\/#breadcrumb"},"inLanguage":"fr-FR","potentialAction":[{"@type":"ReadAction","target":["https:\/\/banzai.pt\/fr\/contacts\/"]}]},{"@type":"BreadcrumbList","@id":"https:\/\/banzai.pt\/fr\/contacts\/#breadcrumb","itemListElement":[{"@type":"ListItem","position":1,"name":"Home","item":"https:\/\/banzai.pt\/fr\/maison\/"},{"@type":"ListItem","position":2,"name":"Contacts"}]},{"@type":"WebSite","@id":"https:\/\/banzai.pt\/fr\/#website","url":"https:\/\/banzai.pt\/fr\/","name":"Banzai","description":"Banzai","publisher":{"@id":"https:\/\/banzai.pt\/fr\/#organization"},"potentialAction":[{"@type":"SearchAction","target":{"@type":"EntryPoint","urlTemplate":"https:\/\/banzai.pt\/fr\/?s={search_term_string}"},"query-input":{"@type":"PropertyValueSpecification","valueRequired":true,"valueName":"search_term_string"}}],"inLanguage":"fr-FR"},{"@type":"Organization","@id":"https:\/\/banzai.pt\/fr\/#organization","name":"Banzai","url":"https:\/\/banzai.pt\/fr\/","logo":{"@type":"ImageObject","inLanguage":"fr-FR","@id":"https:\/\/banzai.pt\/fr\/#\/schema\/logo\/image\/","url":"https:\/\/banzai.pt\/wp-content\/uploads\/2019\/07\/hero.png","contentUrl":"https:\/\/banzai.pt\/wp-content\/uploads\/2019\/07\/hero.png","width":2560,"height":1870,"caption":"Banzai"},"image":{"@id":"https:\/\/banzai.pt\/fr\/#\/schema\/logo\/image\/"}}]}},"_links":{"self":[{"href":"https:\/\/banzai.pt\/fr\/wp-json\/wp\/v2\/pages\/755","targetHints":{"allow":["GET"]}}],"collection":[{"href":"https:\/\/banzai.pt\/fr\/wp-json\/wp\/v2\/pages"}],"about":[{"href":"https:\/\/banzai.pt\/fr\/wp-json\/wp\/v2\/types\/page"}],"author":[{"embeddable":true,"href":"https:\/\/banzai.pt\/fr\/wp-json\/wp\/v2\/users\/1"}],"replies":[{"embeddable":true,"href":"https:\/\/banzai.pt\/fr\/wp-json\/wp\/v2\/comments?post=755"}],"version-history":[{"count":5,"href":"https:\/\/banzai.pt\/fr\/wp-json\/wp\/v2\/pages\/755\/revisions"}],"predecessor-version":[{"id":4534,"href":"https:\/\/banzai.pt\/fr\/wp-json\/wp\/v2\/pages\/755\/revisions\/4534"}],"wp:attachment":[{"href":"https:\/\/banzai.pt\/fr\/wp-json\/wp\/v2\/media?parent=755"}],"curies":[{"name":"wp","href":"https:\/\/api.w.org\/{rel}","templated":true}]}}