{"id":746,"date":"2019-11-17T14:43:36","date_gmt":"2019-11-17T14:43:36","guid":{"rendered":"https:\/\/banzai.pt\/parties-de-bachelor\/"},"modified":"2019-11-17T14:43:39","modified_gmt":"2019-11-17T14:43:39","slug":"parties-de-bachelor","status":"publish","type":"page","link":"https:\/\/banzai.pt\/fr\/parties-de-bachelor\/","title":{"rendered":"Parties de bachelor"},"content":{"rendered":"[vc_row type=\u00a0\u00bbfull_width_content\u00a0\u00bb full_screen_row_position=\u00a0\u00bbmiddle\u00a0\u00bb equal_height=\u00a0\u00bbyes\u00a0\u00bb content_placement=\u00a0\u00bbmiddle\u00a0\u00bb scene_position=\u00a0\u00bbcenter\u00a0\u00bb text_color=\u00a0\u00bbdark\u00a0\u00bb text_align=\u00a0\u00bbleft\u00a0\u00bb overlay_strength=\u00a0\u00bb0.3&Prime; shape_divider_position=\u00a0\u00bbbottom\u00a0\u00bb bg_image_animation=\u00a0\u00bbnone\u00a0\u00bb][vc_column centered_text=\u00a0\u00bbtrue\u00a0\u00bb column_padding=\u00a0\u00bbpadding-10-percent\u00a0\u00bb column_padding_position=\u00a0\u00bball\u00a0\u00bb background_color=\u00a0\u00bb#81358a\u00a0\u00bb background_color_opacity=\u00a0\u00bb0.5&Prime; background_hover_color_opacity=\u00a0\u00bb1&Prime; background_image=\u00a0\u00bb549&Prime; font_color=\u00a0\u00bb#ffffff\u00a0\u00bb column_link_target=\u00a0\u00bb_self\u00a0\u00bb column_shadow=\u00a0\u00bbnone\u00a0\u00bb column_border_radius=\u00a0\u00bbnone\u00a0\u00bb width=\u00a0\u00bb2\/3&Prime; tablet_width_inherit=\u00a0\u00bbdefault\u00a0\u00bb tablet_text_alignment=\u00a0\u00bbdefault\u00a0\u00bb phone_text_alignment=\u00a0\u00bbdefault\u00a0\u00bb column_border_width=\u00a0\u00bbnone\u00a0\u00bb column_border_style=\u00a0\u00bbsolid\u00a0\u00bb bg_image_animation=\u00a0\u00bbnone\u00a0\u00bb][vc_custom_heading text=\u00a0\u00bbParties de bachelor \u00e0 Porto\u00a0\u00bb font_container=\u00a0\u00bbtag:h1|text_align:center|color:%23ffffff\u00a0\u00bb use_theme_fonts=\u00a0\u00bbyes\u00a0\u00bb][divider line_type=\u00a0\u00bbNo Line\u00a0\u00bb custom_height=\u00a0\u00bb20&Prime;][vc_custom_heading text=\u00a0\u00bbLes parties individuelles et uniques sont les \u00e9v\u00e9nements o\u00f9 l&rsquo;originalit\u00e9 doit \u00eatre pr\u00e9sente en force. Chez Banzai, nous promettons de surprendre&#8230;\u00a0\u00bb font_container=\u00a0\u00bbtag:p|text_align:center|color:rgba(255%2C255%2C255%2C0.69)\u00a0\u00bb use_theme_fonts=\u00a0\u00bbyes\u00a0\u00bb css=\u00a0\u00bb.vc_custom_1565639604100{padding-right: 15% !important;padding-left: 15% !important;}\u00a0\u00bb][\/vc_column][vc_column centered_text=\u00a0\u00bbtrue\u00a0\u00bb column_padding=\u00a0\u00bbpadding-6-percent\u00a0\u00bb column_padding_position=\u00a0\u00bball\u00a0\u00bb background_color=\u00a0\u00bb#ffffff\u00a0\u00bb background_color_opacity=\u00a0\u00bb1&Prime; background_hover_color_opacity=\u00a0\u00bb1&Prime; column_link_target=\u00a0\u00bb_self\u00a0\u00bb column_shadow=\u00a0\u00bbnone\u00a0\u00bb column_border_radius=\u00a0\u00bbnone\u00a0\u00bb width=\u00a0\u00bb1\/3&Prime; tablet_width_inherit=\u00a0\u00bbdefault\u00a0\u00bb tablet_text_alignment=\u00a0\u00bbdefault\u00a0\u00bb phone_text_alignment=\u00a0\u00bbdefault\u00a0\u00bb column_border_width=\u00a0\u00bbnone\u00a0\u00bb column_border_style=\u00a0\u00bbsolid\u00a0\u00bb bg_image_animation=\u00a0\u00bbnone\u00a0\u00bb][nectar_icon icon_family=\u00a0\u00bbiconsmind\u00a0\u00bb icon_style=\u00a0\u00bbborder-animation\u00a0\u00bb icon_border_thickness=\u00a0\u00bb2px\u00a0\u00bb icon_color=\u00a0\u00bbextra-color-gradient-1&Prime; icon_padding=\u00a0\u00bb15px\u00a0\u00bb icon_iconsmind=\u00a0\u00bbiconsmind-Funky\u00a0\u00bb url=\u00a0\u00bb#\u00a0\u00bb margin_bottom=\u00a0\u00bb10&Prime;][divider line_type=\u00a0\u00bbNo Line\u00a0\u00bb custom_height=\u00a0\u00bb10&Prime;][vc_column_text max_width=\u00a0\u00bb315&Prime;]\n<h4>Rire garanti<\/h4>\n[\/vc_column_text][divider line_type=\u00a0\u00bbNo Line\u00a0\u00bb custom_height=\u00a0\u00bb5&Prime;][vc_column_text max_width=\u00a0\u00bb350&Prime;]<span style=\"color: #aaa\">Nous garantissons que la dame rit sortira et les \u00e9motions seront rouges<\/span>[\/vc_column_text][divider line_type=\u00a0\u00bbNo Line\u00a0\u00bb custom_height=\u00a0\u00bb50&Prime;][nectar_icon icon_family=\u00a0\u00bbiconsmind\u00a0\u00bb icon_style=\u00a0\u00bbborder-animation\u00a0\u00bb icon_border_thickness=\u00a0\u00bb2px\u00a0\u00bb icon_color=\u00a0\u00bbextra-color-gradient-1&Prime; icon_padding=\u00a0\u00bb25px\u00a0\u00bb icon_iconsmind=\u00a0\u00bbiconsmind-Post-Sign2ways\u00a0\u00bb margin_bottom=\u00a0\u00bb15&Prime; icon_size=\u00a0\u00bb40&Prime; url=\u00a0\u00bb#\u00a0\u00bb][divider line_type=\u00a0\u00bbNo Line\u00a0\u00bb custom_height=\u00a0\u00bb10&Prime;][vc_column_text max_width=\u00a0\u00bb315&Prime;]\n<h4>Emplacement central<\/h4>\n[\/vc_column_text][divider line_type=\u00a0\u00bbNo Line\u00a0\u00bb custom_height=\u00a0\u00bb5&Prime;][vc_column_text max_width=\u00a0\u00bb350&Prime;]<span style=\"color: #aaa\">Situ\u00e9 au c\u0153ur de la ville, nous sommes \u00e0 c\u00f4t\u00e9 \u00e0 moins de 5 minutes \u00e0 pied des meilleurs restaurants et bars<\/span>[\/vc_column_text][divider line_type=\u00a0\u00bbNo Line\u00a0\u00bb custom_height=\u00a0\u00bb50&Prime;][nectar_icon icon_family=\u00a0\u00bbiconsmind\u00a0\u00bb icon_style=\u00a0\u00bbborder-animation\u00a0\u00bb icon_border_thickness=\u00a0\u00bb2px\u00a0\u00bb icon_color=\u00a0\u00bbextra-color-gradient-1&Prime; icon_padding=\u00a0\u00bb25px\u00a0\u00bb icon_iconsmind=\u00a0\u00bbiconsmind-Batman-Mask\u00a0\u00bb margin_bottom=\u00a0\u00bb15&Prime; icon_size=\u00a0\u00bb40&Prime; url=\u00a0\u00bb#\u00a0\u00bb][divider line_type=\u00a0\u00bbNo Line\u00a0\u00bb custom_height=\u00a0\u00bb10&Prime;][vc_column_text max_width=\u00a0\u00bb315&Prime;]\n<h4>Moments m\u00e9morables<\/h4>\n[\/vc_column_text][divider line_type=\u00a0\u00bbNo Line\u00a0\u00bb custom_height=\u00a0\u00bb5&Prime;][vc_column_text max_width=\u00a0\u00bb350&Prime;]<span style=\"color: #aaa\"> Les activit\u00e9s de Banzai sont uniques dans le monde entier, donc il ne manquera pas d&rsquo;originalit\u00e9 \u00e0 votre parti<\/span>[\/vc_column_text][divider line_type=\u00a0\u00bbNo Line\u00a0\u00bb custom_height=\u00a0\u00bb30&Prime;][\/vc_column][\/vc_row][vc_row type=\u00a0\u00bbfull_width_background\u00a0\u00bb full_screen_row_position=\u00a0\u00bbmiddle\u00a0\u00bb bg_color=\u00a0\u00bb#f2f2f2&Prime; scene_position=\u00a0\u00bbcenter\u00a0\u00bb text_color=\u00a0\u00bblight\u00a0\u00bb text_align=\u00a0\u00bbleft\u00a0\u00bb top_padding=\u00a0\u00bb2%\u00a0\u00bb overlay_strength=\u00a0\u00bb0.3&Prime; enable_shape_divider=\u00a0\u00bbtrue\u00a0\u00bb shape_divider_color=\u00a0\u00bb#ffffff\u00a0\u00bb shape_divider_position=\u00a0\u00bbtop\u00a0\u00bb shape_divider_height=\u00a0\u00bb80&Prime; bg_image_animation=\u00a0\u00bbnone\u00a0\u00bb shape_type=\u00a0\u00bbcurve\u00a0\u00bb][vc_column column_padding=\u00a0\u00bbno-extra-padding\u00a0\u00bb column_padding_position=\u00a0\u00bball\u00a0\u00bb background_color_opacity=\u00a0\u00bb1&Prime; background_hover_color_opacity=\u00a0\u00bb1&Prime; column_link_target=\u00a0\u00bb_self\u00a0\u00bb column_shadow=\u00a0\u00bbnone\u00a0\u00bb column_border_radius=\u00a0\u00bbnone\u00a0\u00bb width=\u00a0\u00bb1\/1&Prime; tablet_width_inherit=\u00a0\u00bbdefault\u00a0\u00bb tablet_text_alignment=\u00a0\u00bbdefault\u00a0\u00bb phone_text_alignment=\u00a0\u00bbdefault\u00a0\u00bb column_border_width=\u00a0\u00bbnone\u00a0\u00bb column_border_style=\u00a0\u00bbsolid\u00a0\u00bb bg_image_animation=\u00a0\u00bbnone\u00a0\u00bb translate_y=\u00a0\u00bb-50%\u00a0\u00bb][vc_row_inner column_margin=\u00a0\u00bbdefault\u00a0\u00bb translate_y=\u00a0\u00bb-100&Prime; text_align=\u00a0\u00bbleft\u00a0\u00bb][vc_column_inner column_padding=\u00a0\u00bbpadding-6-percent\u00a0\u00bb column_padding_position=\u00a0\u00bball\u00a0\u00bb centered_text=\u00a0\u00bbtrue\u00a0\u00bb background_color=\u00a0\u00bb#ff1053&Prime; background_color_opacity=\u00a0\u00bb1&Prime; background_hover_color_opacity=\u00a0\u00bb1&Prime; font_color=\u00a0\u00bb#ffffff\u00a0\u00bb column_shadow=\u00a0\u00bbmedium_depth\u00a0\u00bb column_border_radius=\u00a0\u00bb15px\u00a0\u00bb column_link_target=\u00a0\u00bb_self\u00a0\u00bb width=\u00a0\u00bb1\/2&Prime; tablet_width_inherit=\u00a0\u00bbdefault\u00a0\u00bb column_border_width=\u00a0\u00bbnone\u00a0\u00bb column_border_style=\u00a0\u00bbsolid\u00a0\u00bb bg_image_animation=\u00a0\u00bbnone\u00a0\u00bb][vc_custom_heading text=\u00a0\u00bbR\u00e9servez un enterrement de vie de gar\u00e7on original et \u00e9pique!\u00a0\u00bb font_container=\u00a0\u00bbtag:h3|text_align:center\u00a0\u00bb use_theme_fonts=\u00a0\u00bbyes\u00a0\u00bb][nectar_btn size=\u00a0\u00bblarge\u00a0\u00bb button_style=\u00a0\u00bbsee-through-2&Prime; color_override=\u00a0\u00bb#ffffff\u00a0\u00bb hover_color_override=\u00a0\u00bb#ffffff\u00a0\u00bb hover_text_color_override=\u00a0\u00bb#000000&Prime; icon_family=\u00a0\u00bbnone\u00a0\u00bb url=\u00a0\u00bbhttps:\/\/banzai.pt\/reservas\u00a0\u00bb text=\u00a0\u00bbR\u00e9servation d\u00e9j\u00e0\u00a0\u00bb margin_top=\u00a0\u00bb30&Prime; margin_bottom=\u00a0\u00bb1&Prime;][\/vc_column_inner][vc_column_inner column_padding=\u00a0\u00bbpadding-6-percent\u00a0\u00bb column_padding_position=\u00a0\u00bball\u00a0\u00bb centered_text=\u00a0\u00bbtrue\u00a0\u00bb background_color=\u00a0\u00bb#3452ff\u00a0\u00bb background_color_opacity=\u00a0\u00bb1&Prime; background_hover_color_opacity=\u00a0\u00bb1&Prime; font_color=\u00a0\u00bb#ffffff\u00a0\u00bb column_shadow=\u00a0\u00bbmedium_depth\u00a0\u00bb column_border_radius=\u00a0\u00bb10px\u00a0\u00bb column_link_target=\u00a0\u00bb_self\u00a0\u00bb width=\u00a0\u00bb1\/2&Prime; tablet_width_inherit=\u00a0\u00bbdefault\u00a0\u00bb column_border_width=\u00a0\u00bbnone\u00a0\u00bb column_border_style=\u00a0\u00bbsolid\u00a0\u00bb bg_image_animation=\u00a0\u00bbnone\u00a0\u00bb][vc_custom_heading text=\u00a0\u00bbDes questions ou des id\u00e9es folles ?\u00a0\u00bb font_container=\u00a0\u00bbtag:h3|text_align:center\u00a0\u00bb use_theme_fonts=\u00a0\u00bbyes\u00a0\u00bb][nectar_btn size=\u00a0\u00bblarge\u00a0\u00bb button_style=\u00a0\u00bbsee-through-2&Prime; color_override=\u00a0\u00bb#ffffff\u00a0\u00bb hover_color_override=\u00a0\u00bb#ffffff\u00a0\u00bb hover_text_color_override=\u00a0\u00bb#000000&Prime; icon_family=\u00a0\u00bbnone\u00a0\u00bb url=\u00a0\u00bbhttps:\/\/banzai.pt\/contactos\u00a0\u00bb text=\u00a0\u00bbParlez-nous\u00a0\u00bb margin_top=\u00a0\u00bb30&Prime; margin_bottom=\u00a0\u00bb1&Prime;][\/vc_column_inner][\/vc_row_inner][\/vc_column][\/vc_row]\n","protected":false},"excerpt":{"rendered":"<p>[vc_row type=\u00a0\u00bbfull_width_content\u00a0\u00bb full_screen_row_position=\u00a0\u00bbmiddle\u00a0\u00bb equal_height=\u00a0\u00bbyes\u00a0\u00bb content_placement=\u00a0\u00bbmiddle\u00a0\u00bb scene_position=\u00a0\u00bbcenter\u00a0\u00bb text_color=\u00a0\u00bbdark\u00a0\u00bb text_align=\u00a0\u00bbleft\u00a0\u00bb overlay_strength=\u00a0\u00bb0.3&Prime; shape_divider_position=\u00a0\u00bbbottom\u00a0\u00bb bg_image_animation=\u00a0\u00bbnone\u00a0\u00bb][vc_column centered_text=\u00a0\u00bbtrue\u00a0\u00bb column_padding=\u00a0\u00bbpadding-10-percent\u00a0\u00bb column_padding_position=\u00a0\u00bball\u00a0\u00bb background_color=\u00a0\u00bb#81358a\u00a0\u00bb background_color_opacity=\u00a0\u00bb0.5&Prime; background_hover_color_opacity=\u00a0\u00bb1&Prime; background_image=\u00a0\u00bb549&Prime; font_color=\u00a0\u00bb#ffffff\u00a0\u00bb column_link_target=\u00a0\u00bb_self\u00a0\u00bb column_shadow=\u00a0\u00bbnone\u00a0\u00bb column_border_radius=\u00a0\u00bbnone\u00a0\u00bb width=\u00a0\u00bb2\/3&Prime; tablet_width_inherit=\u00a0\u00bbdefault\u00a0\u00bb tablet_text_alignment=\u00a0\u00bbdefault\u00a0\u00bb phone_text_alignment=\u00a0\u00bbdefault\u00a0\u00bb column_border_width=\u00a0\u00bbnone\u00a0\u00bb column_border_style=\u00a0\u00bbsolid\u00a0\u00bb bg_image_animation=\u00a0\u00bbnone\u00a0\u00bb][vc_custom_heading text=\u00a0\u00bbParties&#8230;<\/p>\n","protected":false},"author":1,"featured_media":0,"parent":0,"menu_order":0,"comment_status":"closed","ping_status":"closed","template":"","meta":{"iawp_total_views":19,"footnotes":""},"class_list":["post-746","page","type-page","status-publish"],"yoast_head":"<!-- This site is optimized with the Yoast SEO plugin v27.6 - https:\/\/yoast.com\/product\/yoast-seo-wordpress\/ -->\n<title>Banzai - France Epic Bachelor Parties dans le centre-ville de Porto<\/title>\n<meta name=\"description\" content=\"Vous cherchez un Bachelor Party diff\u00e9rent et inoubliable? Nous sommes juste dans le centre-ville de Porto et nous avons des activit\u00e9s inoubliables qui vous donneront \u00e0 parler ...\" \/>\n<meta name=\"robots\" content=\"index, follow, max-snippet:-1, max-image-preview:large, max-video-preview:-1\" \/>\n<link rel=\"canonical\" href=\"https:\/\/banzai.pt\/fr\/parties-de-bachelor\/\" \/>\n<meta property=\"og:locale\" content=\"fr_FR\" \/>\n<meta property=\"og:type\" content=\"article\" \/>\n<meta property=\"og:title\" content=\"Banzai - France Epic Bachelor Parties dans le centre-ville de Porto\" \/>\n<meta property=\"og:description\" content=\"Vous cherchez un Bachelor Party diff\u00e9rent et inoubliable? Nous sommes juste dans le centre-ville de Porto et nous avons des activit\u00e9s inoubliables qui vous donneront \u00e0 parler ...\" \/>\n<meta property=\"og:url\" content=\"https:\/\/banzai.pt\/fr\/parties-de-bachelor\/\" \/>\n<meta property=\"og:site_name\" content=\"Banzai\" \/>\n<meta property=\"article:modified_time\" content=\"2019-11-17T14:43:39+00:00\" \/>\n<meta name=\"twitter:card\" content=\"summary_large_image\" \/>\n<meta name=\"twitter:label1\" content=\"Dur\u00e9e de lecture estim\u00e9e\" \/>\n\t<meta name=\"twitter:data1\" content=\"4 minutes\" \/>\n<script type=\"application\/ld+json\" class=\"yoast-schema-graph\">{\"@context\":\"https:\\\/\\\/schema.org\",\"@graph\":[{\"@type\":\"WebPage\",\"@id\":\"https:\\\/\\\/banzai.pt\\\/fr\\\/parties-de-bachelor\\\/\",\"url\":\"https:\\\/\\\/banzai.pt\\\/fr\\\/parties-de-bachelor\\\/\",\"name\":\"Banzai - France Epic Bachelor Parties dans le centre-ville de Porto\",\"isPartOf\":{\"@id\":\"https:\\\/\\\/banzai.pt\\\/fr\\\/#website\"},\"datePublished\":\"2019-11-17T14:43:36+00:00\",\"dateModified\":\"2019-11-17T14:43:39+00:00\",\"description\":\"Vous cherchez un Bachelor Party diff\u00e9rent et inoubliable? Nous sommes juste dans le centre-ville de Porto et nous avons des activit\u00e9s inoubliables qui vous donneront \u00e0 parler ...\",\"breadcrumb\":{\"@id\":\"https:\\\/\\\/banzai.pt\\\/fr\\\/parties-de-bachelor\\\/#breadcrumb\"},\"inLanguage\":\"fr-FR\",\"potentialAction\":[{\"@type\":\"ReadAction\",\"target\":[\"https:\\\/\\\/banzai.pt\\\/fr\\\/parties-de-bachelor\\\/\"]}]},{\"@type\":\"BreadcrumbList\",\"@id\":\"https:\\\/\\\/banzai.pt\\\/fr\\\/parties-de-bachelor\\\/#breadcrumb\",\"itemListElement\":[{\"@type\":\"ListItem\",\"position\":1,\"name\":\"Home\",\"item\":\"https:\\\/\\\/banzai.pt\\\/fr\\\/maison\\\/\"},{\"@type\":\"ListItem\",\"position\":2,\"name\":\"Parties de bachelor\"}]},{\"@type\":\"WebSite\",\"@id\":\"https:\\\/\\\/banzai.pt\\\/fr\\\/#website\",\"url\":\"https:\\\/\\\/banzai.pt\\\/fr\\\/\",\"name\":\"Banzai\",\"description\":\"Banzai\",\"publisher\":{\"@id\":\"https:\\\/\\\/banzai.pt\\\/fr\\\/#organization\"},\"potentialAction\":[{\"@type\":\"SearchAction\",\"target\":{\"@type\":\"EntryPoint\",\"urlTemplate\":\"https:\\\/\\\/banzai.pt\\\/fr\\\/?s={search_term_string}\"},\"query-input\":{\"@type\":\"PropertyValueSpecification\",\"valueRequired\":true,\"valueName\":\"search_term_string\"}}],\"inLanguage\":\"fr-FR\"},{\"@type\":\"Organization\",\"@id\":\"https:\\\/\\\/banzai.pt\\\/fr\\\/#organization\",\"name\":\"Banzai\",\"url\":\"https:\\\/\\\/banzai.pt\\\/fr\\\/\",\"logo\":{\"@type\":\"ImageObject\",\"inLanguage\":\"fr-FR\",\"@id\":\"https:\\\/\\\/banzai.pt\\\/fr\\\/#\\\/schema\\\/logo\\\/image\\\/\",\"url\":\"https:\\\/\\\/banzai.pt\\\/wp-content\\\/uploads\\\/2019\\\/07\\\/hero.png\",\"contentUrl\":\"https:\\\/\\\/banzai.pt\\\/wp-content\\\/uploads\\\/2019\\\/07\\\/hero.png\",\"width\":2560,\"height\":1870,\"caption\":\"Banzai\"},\"image\":{\"@id\":\"https:\\\/\\\/banzai.pt\\\/fr\\\/#\\\/schema\\\/logo\\\/image\\\/\"}}]}<\/script>\n<!-- \/ Yoast SEO plugin. -->","yoast_head_json":{"title":"Banzai - France Epic Bachelor Parties dans le centre-ville de Porto","description":"Vous cherchez un Bachelor Party diff\u00e9rent et inoubliable? Nous sommes juste dans le centre-ville de Porto et nous avons des activit\u00e9s inoubliables qui vous donneront \u00e0 parler ...","robots":{"index":"index","follow":"follow","max-snippet":"max-snippet:-1","max-image-preview":"max-image-preview:large","max-video-preview":"max-video-preview:-1"},"canonical":"https:\/\/banzai.pt\/fr\/parties-de-bachelor\/","og_locale":"fr_FR","og_type":"article","og_title":"Banzai - France Epic Bachelor Parties dans le centre-ville de Porto","og_description":"Vous cherchez un Bachelor Party diff\u00e9rent et inoubliable? Nous sommes juste dans le centre-ville de Porto et nous avons des activit\u00e9s inoubliables qui vous donneront \u00e0 parler ...","og_url":"https:\/\/banzai.pt\/fr\/parties-de-bachelor\/","og_site_name":"Banzai","article_modified_time":"2019-11-17T14:43:39+00:00","twitter_card":"summary_large_image","twitter_misc":{"Dur\u00e9e de lecture estim\u00e9e":"4 minutes"},"schema":{"@context":"https:\/\/schema.org","@graph":[{"@type":"WebPage","@id":"https:\/\/banzai.pt\/fr\/parties-de-bachelor\/","url":"https:\/\/banzai.pt\/fr\/parties-de-bachelor\/","name":"Banzai - France Epic Bachelor Parties dans le centre-ville de Porto","isPartOf":{"@id":"https:\/\/banzai.pt\/fr\/#website"},"datePublished":"2019-11-17T14:43:36+00:00","dateModified":"2019-11-17T14:43:39+00:00","description":"Vous cherchez un Bachelor Party diff\u00e9rent et inoubliable? Nous sommes juste dans le centre-ville de Porto et nous avons des activit\u00e9s inoubliables qui vous donneront \u00e0 parler ...","breadcrumb":{"@id":"https:\/\/banzai.pt\/fr\/parties-de-bachelor\/#breadcrumb"},"inLanguage":"fr-FR","potentialAction":[{"@type":"ReadAction","target":["https:\/\/banzai.pt\/fr\/parties-de-bachelor\/"]}]},{"@type":"BreadcrumbList","@id":"https:\/\/banzai.pt\/fr\/parties-de-bachelor\/#breadcrumb","itemListElement":[{"@type":"ListItem","position":1,"name":"Home","item":"https:\/\/banzai.pt\/fr\/maison\/"},{"@type":"ListItem","position":2,"name":"Parties de bachelor"}]},{"@type":"WebSite","@id":"https:\/\/banzai.pt\/fr\/#website","url":"https:\/\/banzai.pt\/fr\/","name":"Banzai","description":"Banzai","publisher":{"@id":"https:\/\/banzai.pt\/fr\/#organization"},"potentialAction":[{"@type":"SearchAction","target":{"@type":"EntryPoint","urlTemplate":"https:\/\/banzai.pt\/fr\/?s={search_term_string}"},"query-input":{"@type":"PropertyValueSpecification","valueRequired":true,"valueName":"search_term_string"}}],"inLanguage":"fr-FR"},{"@type":"Organization","@id":"https:\/\/banzai.pt\/fr\/#organization","name":"Banzai","url":"https:\/\/banzai.pt\/fr\/","logo":{"@type":"ImageObject","inLanguage":"fr-FR","@id":"https:\/\/banzai.pt\/fr\/#\/schema\/logo\/image\/","url":"https:\/\/banzai.pt\/wp-content\/uploads\/2019\/07\/hero.png","contentUrl":"https:\/\/banzai.pt\/wp-content\/uploads\/2019\/07\/hero.png","width":2560,"height":1870,"caption":"Banzai"},"image":{"@id":"https:\/\/banzai.pt\/fr\/#\/schema\/logo\/image\/"}}]}},"_links":{"self":[{"href":"https:\/\/banzai.pt\/fr\/wp-json\/wp\/v2\/pages\/746","targetHints":{"allow":["GET"]}}],"collection":[{"href":"https:\/\/banzai.pt\/fr\/wp-json\/wp\/v2\/pages"}],"about":[{"href":"https:\/\/banzai.pt\/fr\/wp-json\/wp\/v2\/types\/page"}],"author":[{"embeddable":true,"href":"https:\/\/banzai.pt\/fr\/wp-json\/wp\/v2\/users\/1"}],"replies":[{"embeddable":true,"href":"https:\/\/banzai.pt\/fr\/wp-json\/wp\/v2\/comments?post=746"}],"version-history":[{"count":2,"href":"https:\/\/banzai.pt\/fr\/wp-json\/wp\/v2\/pages\/746\/revisions"}],"predecessor-version":[{"id":748,"href":"https:\/\/banzai.pt\/fr\/wp-json\/wp\/v2\/pages\/746\/revisions\/748"}],"wp:attachment":[{"href":"https:\/\/banzai.pt\/fr\/wp-json\/wp\/v2\/media?parent=746"}],"curies":[{"name":"wp","href":"https:\/\/api.w.org\/{rel}","templated":true}]}}