{"id":5280,"date":"2025-02-25T21:37:32","date_gmt":"2025-02-25T21:37:32","guid":{"rendered":"https:\/\/banzai.pt\/?post_type=product&#038;p=5280"},"modified":"2026-03-02T17:42:22","modified_gmt":"2026-03-02T17:42:22","slug":"banzai-pixel","status":"publish","type":"product","link":"https:\/\/banzai.pt\/es\/product\/banzai-pixel\/","title":{"rendered":"Banzai Pixel"},"content":{"rendered":"<p>Em solo ou equipas de 2 a 16 participantes ter\u00e3o de tentar completar o m\u00e1ximo de n\u00edveis na nossa m\u00e1gica arena pixel onde o ch\u00e3o ganha vida a cada passo! Muitas dezenas de n\u00edveis com v\u00e1rias estrat\u00e9gias diferentes e muita divers\u00e3o \u00e0 mistura!<\/p>\n<p>Ser\u00e3o capazes de superar os desafios? Que pontua\u00e7\u00e3o conseguir\u00e3o alcan\u00e7ar?!<\/p>\n<p>&nbsp;<\/p>\n<p>Comprar um voucher na Banzai \u00e9 t\u00e3o simples quanto desvendar o primeiro passo de uma grande miss\u00e3o! \ud83d\ude0e<\/p>\n<p>Em poucas horas, o voucher digital estar\u00e1 no seu e-mail, prontinho para uso ou personaliza\u00e7\u00e3o \u2013 coloque aquele toque especial que s\u00f3 voc\u00ea sabe fazer.<\/p>\n<div class=\"flex-shrink-0 flex flex-col relative items-end\">\n<div>\n<div class=\"pt-0\">\n<div class=\"gizmo-bot-avatar flex h-8 w-8 items-center justify-center overflow-hidden rounded-full\">\n<div class=\"relative p-1 rounded-sm flex items-center justify-center bg-token-main-surface-primary text-token-text-primary h-8 w-8\"><\/div>\n<\/div>\n<\/div>\n<\/div>\n<\/div>\n<div class=\"group\/conversation-turn relative flex w-full min-w-0 flex-col agent-turn\">\n<div class=\"flex-col gap-1 md:gap-3\">\n<div class=\"flex max-w-full flex-col flex-grow\">\n<div class=\"min-h-8 text-message flex w-full flex-col items-end gap-2 whitespace-normal break-words [.text-message+&amp;]:mt-5\" dir=\"auto\" data-message-author-role=\"assistant\" data-message-id=\"1733d812-3286-4fec-bf43-e097019fe2f6\" data-message-model-slug=\"gpt-4o\">\n<div class=\"flex w-full flex-col gap-1 empty:hidden first:pt-[3px]\">\n<div class=\"markdown prose w-full break-words dark:prose-invert light\">\n<p>\ud83c\udf81 <strong>Torne o presente ainda mais inesquec\u00edvel com estas op\u00e7\u00f5es incr\u00edveis:<\/strong><\/p>\n<ul>\n<li><strong>Caixa Mist\u00e9rio:<\/strong> Parece simples, mas descobrir como abri-la ser\u00e1 um desafio que vai fazer todo mundo co\u00e7ar a cabe\u00e7a e sorrir de satisfa\u00e7\u00e3o. S\u00f3 depois de resolver o enigma a pessoa saber\u00e1 o que realmente ganhou!<\/li>\n<li><strong>Caixa Mist\u00e9rio Premium:<\/strong> Maior e ainda mais desafiante, esta vers\u00e3o inclui v\u00e1rias etapas at\u00e9 ser aberta. O presente ideal para quem adora um derradeiro desafio \u2013 e a revela\u00e7\u00e3o final s\u00f3 acontece depois de superar tudo!<\/li>\n<li><strong>Cubo Puzzle:<\/strong> Teste de habilidade! Resolva o puzzle com destreza para levar a bolinha ao local certo, abrir o cubo e, finalmente, desvendar a surpresa guardada.<\/li>\n<\/ul>\n<p><em>\ud83d\udd0d A emo\u00e7\u00e3o come\u00e7a antes mesmo de saber o que recebeu!<\/em><\/p>\n<\/div>\n<\/div>\n<\/div>\n<\/div>\n<\/div>\n<\/div>\n<p>Divers\u00e3o garantida antes mesmo do jogo come\u00e7ar. E para completar, acompanha um <strong>saco super divertido<\/strong>, que \u00e9 um verdadeiro im\u00e3 de curiosidade \u2013 com certeza ser\u00e1 o destaque entre todas as prendas!<\/p>\n<p>&nbsp;<\/p>\n<p>\ud83d\udce6 <strong>Importante:<\/strong><\/p>\n<ul>\n<li><strong>Vouchers f\u00edsicos<\/strong> (caixas e puzzles) n\u00e3o est\u00e3o dispon\u00edveis para entrega na loja nos dias 24, 25 e 31 de dezembro e 1 de janeiro.<\/li>\n<li>Devolu\u00e7\u00f5es? Sim, at\u00e9 14 dias! Mas s\u00f3 se o c\u00f3digo ainda n\u00e3o foi usado e o voucher f\u00edsico estiver intacto e sem personaliza\u00e7\u00f5es adicionais.<\/li>\n<\/ul>\n<p>\ud83c\udfae Surpreenda com um presente que come\u00e7a a divertir antes mesmo de chegar \u00e0 sala de jogos. Banzai: a aventura est\u00e1 s\u00f3 a come\u00e7ar!<\/p>\n","protected":false},"excerpt":{"rendered":"<p>Em solo ou equipas de 2 a 16 participantes ter\u00e3o de tentar completar o m\u00e1ximo de n\u00edveis na nossa m\u00e1gica arena pixel onde o ch\u00e3o ganha vida a cada passo!&#8230;<\/p>\n","protected":false},"featured_media":5649,"comment_status":"open","ping_status":"closed","template":"","meta":{"iawp_total_views":1925},"product_brand":[],"product_cat":[36],"product_tag":[],"class_list":{"0":"post-5280","1":"product","2":"type-product","3":"status-publish","4":"has-post-thumbnail","6":"product_cat-vouchers-loja","8":"first","9":"instock","10":"shipping-taxable","11":"purchasable","12":"product-type-variable"},"yoast_head":"<!-- This site is optimized with the Yoast SEO plugin v27.5 - https:\/\/yoast.com\/product\/yoast-seo-wordpress\/ -->\n<title>Banzai Pixel - Banzai<\/title>\n<meta name=\"robots\" content=\"index, follow, max-snippet:-1, max-image-preview:large, max-video-preview:-1\" \/>\n<link rel=\"canonical\" href=\"https:\/\/banzai.pt\/es\/product\/banzai-pixel\/\" \/>\n<meta property=\"og:locale\" content=\"es_ES\" \/>\n<meta property=\"og:type\" content=\"article\" \/>\n<meta property=\"og:title\" content=\"Banzai Pixel - Banzai\" \/>\n<meta property=\"og:description\" content=\"Em solo ou equipas de 2 a 16 participantes ter\u00e3o de tentar completar o m\u00e1ximo de n\u00edveis na nossa m\u00e1gica arena pixel onde o ch\u00e3o ganha vida a cada passo!...\" \/>\n<meta property=\"og:url\" content=\"https:\/\/banzai.pt\/es\/product\/banzai-pixel\/\" \/>\n<meta property=\"og:site_name\" content=\"Banzai\" \/>\n<meta property=\"article:modified_time\" content=\"2026-03-02T17:42:22+00:00\" \/>\n<meta property=\"og:image\" content=\"https:\/\/banzai.pt\/wp-content\/uploads\/2025\/12\/banzai-pixel-card-1.png\" \/>\n\t<meta property=\"og:image:width\" content=\"801\" \/>\n\t<meta property=\"og:image:height\" content=\"1001\" \/>\n\t<meta property=\"og:image:type\" content=\"image\/png\" \/>\n<meta name=\"twitter:card\" content=\"summary_large_image\" \/>\n<meta name=\"twitter:label1\" content=\"Tiempo de lectura\" \/>\n\t<meta name=\"twitter:data1\" content=\"1 minuto\" \/>\n<script type=\"application\/ld+json\" class=\"yoast-schema-graph\">{\"@context\":\"https:\\\/\\\/schema.org\",\"@graph\":[{\"@type\":\"WebPage\",\"@id\":\"https:\\\/\\\/banzai.pt\\\/es\\\/product\\\/banzai-pixel\\\/\",\"url\":\"https:\\\/\\\/banzai.pt\\\/es\\\/product\\\/banzai-pixel\\\/\",\"name\":\"Banzai Pixel - Banzai\",\"isPartOf\":{\"@id\":\"https:\\\/\\\/banzai.pt\\\/es\\\/#website\"},\"primaryImageOfPage\":{\"@id\":\"https:\\\/\\\/banzai.pt\\\/es\\\/product\\\/banzai-pixel\\\/#primaryimage\"},\"image\":{\"@id\":\"https:\\\/\\\/banzai.pt\\\/es\\\/product\\\/banzai-pixel\\\/#primaryimage\"},\"thumbnailUrl\":\"https:\\\/\\\/banzai.pt\\\/wp-content\\\/uploads\\\/2025\\\/12\\\/banzai-pixel-card-1.png\",\"datePublished\":\"2025-02-25T21:37:32+00:00\",\"dateModified\":\"2026-03-02T17:42:22+00:00\",\"breadcrumb\":{\"@id\":\"https:\\\/\\\/banzai.pt\\\/es\\\/product\\\/banzai-pixel\\\/#breadcrumb\"},\"inLanguage\":\"es\",\"potentialAction\":[{\"@type\":\"ReadAction\",\"target\":[\"https:\\\/\\\/banzai.pt\\\/es\\\/product\\\/banzai-pixel\\\/\"]}]},{\"@type\":\"ImageObject\",\"inLanguage\":\"es\",\"@id\":\"https:\\\/\\\/banzai.pt\\\/es\\\/product\\\/banzai-pixel\\\/#primaryimage\",\"url\":\"https:\\\/\\\/banzai.pt\\\/wp-content\\\/uploads\\\/2025\\\/12\\\/banzai-pixel-card-1.png\",\"contentUrl\":\"https:\\\/\\\/banzai.pt\\\/wp-content\\\/uploads\\\/2025\\\/12\\\/banzai-pixel-card-1.png\",\"width\":801,\"height\":1001},{\"@type\":\"BreadcrumbList\",\"@id\":\"https:\\\/\\\/banzai.pt\\\/es\\\/product\\\/banzai-pixel\\\/#breadcrumb\",\"itemListElement\":[{\"@type\":\"ListItem\",\"position\":1,\"name\":\"Home\",\"item\":\"https:\\\/\\\/banzai.pt\\\/es\\\/casa\\\/\"},{\"@type\":\"ListItem\",\"position\":2,\"name\":\"Vouchers Prenda\",\"item\":\"https:\\\/\\\/banzai.pt\\\/vouchers-prenda\\\/\"},{\"@type\":\"ListItem\",\"position\":3,\"name\":\"Banzai Pixel\"}]},{\"@type\":\"WebSite\",\"@id\":\"https:\\\/\\\/banzai.pt\\\/es\\\/#website\",\"url\":\"https:\\\/\\\/banzai.pt\\\/es\\\/\",\"name\":\"Banzai\",\"description\":\"Banzai\",\"publisher\":{\"@id\":\"https:\\\/\\\/banzai.pt\\\/es\\\/#organization\"},\"potentialAction\":[{\"@type\":\"SearchAction\",\"target\":{\"@type\":\"EntryPoint\",\"urlTemplate\":\"https:\\\/\\\/banzai.pt\\\/es\\\/?s={search_term_string}\"},\"query-input\":{\"@type\":\"PropertyValueSpecification\",\"valueRequired\":true,\"valueName\":\"search_term_string\"}}],\"inLanguage\":\"es\"},{\"@type\":\"Organization\",\"@id\":\"https:\\\/\\\/banzai.pt\\\/es\\\/#organization\",\"name\":\"Banzai\",\"url\":\"https:\\\/\\\/banzai.pt\\\/es\\\/\",\"logo\":{\"@type\":\"ImageObject\",\"inLanguage\":\"es\",\"@id\":\"https:\\\/\\\/banzai.pt\\\/es\\\/#\\\/schema\\\/logo\\\/image\\\/\",\"url\":\"https:\\\/\\\/banzai.pt\\\/wp-content\\\/uploads\\\/2019\\\/07\\\/hero.png\",\"contentUrl\":\"https:\\\/\\\/banzai.pt\\\/wp-content\\\/uploads\\\/2019\\\/07\\\/hero.png\",\"width\":2560,\"height\":1870,\"caption\":\"Banzai\"},\"image\":{\"@id\":\"https:\\\/\\\/banzai.pt\\\/es\\\/#\\\/schema\\\/logo\\\/image\\\/\"}}]}<\/script>\n<!-- \/ Yoast SEO plugin. -->","yoast_head_json":{"title":"Banzai Pixel - Banzai","robots":{"index":"index","follow":"follow","max-snippet":"max-snippet:-1","max-image-preview":"max-image-preview:large","max-video-preview":"max-video-preview:-1"},"canonical":"https:\/\/banzai.pt\/es\/product\/banzai-pixel\/","og_locale":"es_ES","og_type":"article","og_title":"Banzai Pixel - Banzai","og_description":"Em solo ou equipas de 2 a 16 participantes ter\u00e3o de tentar completar o m\u00e1ximo de n\u00edveis na nossa m\u00e1gica arena pixel onde o ch\u00e3o ganha vida a cada passo!...","og_url":"https:\/\/banzai.pt\/es\/product\/banzai-pixel\/","og_site_name":"Banzai","article_modified_time":"2026-03-02T17:42:22+00:00","og_image":[{"width":801,"height":1001,"url":"https:\/\/banzai.pt\/wp-content\/uploads\/2025\/12\/banzai-pixel-card-1.png","type":"image\/png"}],"twitter_card":"summary_large_image","twitter_misc":{"Tiempo de lectura":"1 minuto"},"schema":{"@context":"https:\/\/schema.org","@graph":[{"@type":"WebPage","@id":"https:\/\/banzai.pt\/es\/product\/banzai-pixel\/","url":"https:\/\/banzai.pt\/es\/product\/banzai-pixel\/","name":"Banzai Pixel - Banzai","isPartOf":{"@id":"https:\/\/banzai.pt\/es\/#website"},"primaryImageOfPage":{"@id":"https:\/\/banzai.pt\/es\/product\/banzai-pixel\/#primaryimage"},"image":{"@id":"https:\/\/banzai.pt\/es\/product\/banzai-pixel\/#primaryimage"},"thumbnailUrl":"https:\/\/banzai.pt\/wp-content\/uploads\/2025\/12\/banzai-pixel-card-1.png","datePublished":"2025-02-25T21:37:32+00:00","dateModified":"2026-03-02T17:42:22+00:00","breadcrumb":{"@id":"https:\/\/banzai.pt\/es\/product\/banzai-pixel\/#breadcrumb"},"inLanguage":"es","potentialAction":[{"@type":"ReadAction","target":["https:\/\/banzai.pt\/es\/product\/banzai-pixel\/"]}]},{"@type":"ImageObject","inLanguage":"es","@id":"https:\/\/banzai.pt\/es\/product\/banzai-pixel\/#primaryimage","url":"https:\/\/banzai.pt\/wp-content\/uploads\/2025\/12\/banzai-pixel-card-1.png","contentUrl":"https:\/\/banzai.pt\/wp-content\/uploads\/2025\/12\/banzai-pixel-card-1.png","width":801,"height":1001},{"@type":"BreadcrumbList","@id":"https:\/\/banzai.pt\/es\/product\/banzai-pixel\/#breadcrumb","itemListElement":[{"@type":"ListItem","position":1,"name":"Home","item":"https:\/\/banzai.pt\/es\/casa\/"},{"@type":"ListItem","position":2,"name":"Vouchers Prenda","item":"https:\/\/banzai.pt\/vouchers-prenda\/"},{"@type":"ListItem","position":3,"name":"Banzai Pixel"}]},{"@type":"WebSite","@id":"https:\/\/banzai.pt\/es\/#website","url":"https:\/\/banzai.pt\/es\/","name":"Banzai","description":"Banzai","publisher":{"@id":"https:\/\/banzai.pt\/es\/#organization"},"potentialAction":[{"@type":"SearchAction","target":{"@type":"EntryPoint","urlTemplate":"https:\/\/banzai.pt\/es\/?s={search_term_string}"},"query-input":{"@type":"PropertyValueSpecification","valueRequired":true,"valueName":"search_term_string"}}],"inLanguage":"es"},{"@type":"Organization","@id":"https:\/\/banzai.pt\/es\/#organization","name":"Banzai","url":"https:\/\/banzai.pt\/es\/","logo":{"@type":"ImageObject","inLanguage":"es","@id":"https:\/\/banzai.pt\/es\/#\/schema\/logo\/image\/","url":"https:\/\/banzai.pt\/wp-content\/uploads\/2019\/07\/hero.png","contentUrl":"https:\/\/banzai.pt\/wp-content\/uploads\/2019\/07\/hero.png","width":2560,"height":1870,"caption":"Banzai"},"image":{"@id":"https:\/\/banzai.pt\/es\/#\/schema\/logo\/image\/"}}]}},"_links":{"self":[{"href":"https:\/\/banzai.pt\/es\/wp-json\/wp\/v2\/product\/5280","targetHints":{"allow":["GET"]}}],"collection":[{"href":"https:\/\/banzai.pt\/es\/wp-json\/wp\/v2\/product"}],"about":[{"href":"https:\/\/banzai.pt\/es\/wp-json\/wp\/v2\/types\/product"}],"replies":[{"embeddable":true,"href":"https:\/\/banzai.pt\/es\/wp-json\/wp\/v2\/comments?post=5280"}],"wp:featuredmedia":[{"embeddable":true,"href":"https:\/\/banzai.pt\/es\/wp-json\/wp\/v2\/media\/5649"}],"wp:attachment":[{"href":"https:\/\/banzai.pt\/es\/wp-json\/wp\/v2\/media?parent=5280"}],"wp:term":[{"taxonomy":"product_brand","embeddable":true,"href":"https:\/\/banzai.pt\/es\/wp-json\/wp\/v2\/product_brand?post=5280"},{"taxonomy":"product_cat","embeddable":true,"href":"https:\/\/banzai.pt\/es\/wp-json\/wp\/v2\/product_cat?post=5280"},{"taxonomy":"product_tag","embeddable":true,"href":"https:\/\/banzai.pt\/es\/wp-json\/wp\/v2\/product_tag?post=5280"}],"curies":[{"name":"wp","href":"https:\/\/api.w.org\/{rel}","templated":true}]}}