{"id":1453,"date":"2021-12-21T20:42:19","date_gmt":"2021-12-21T20:42:19","guid":{"rendered":"https:\/\/banzai.pt\/?post_type=product&#038;p=1453"},"modified":"2025-12-16T10:25:09","modified_gmt":"2025-12-16T10:25:09","slug":"banzai-vouchers-genericos","status":"publish","type":"product","link":"https:\/\/banzai.pt\/es\/product\/banzai-vouchers-genericos\/","title":{"rendered":"Banzai (vouchers gen\u00e9ricos)"},"content":{"rendered":"[vc_row type=\u00bbin_container\u00bb full_screen_row_position=\u00bbmiddle\u00bb column_margin=\u00bbdefault\u00bb column_direction=\u00bbdefault\u00bb column_direction_tablet=\u00bbdefault\u00bb column_direction_phone=\u00bbdefault\u00bb scene_position=\u00bbcenter\u00bb text_color=\u00bbdark\u00bb text_align=\u00bbleft\u00bb row_border_radius=\u00bbnone\u00bb row_border_radius_applies=\u00bbbg\u00bb overflow=\u00bbvisible\u00bb overlay_strength=\u00bb0.3&#8243; gradient_direction=\u00bbleft_to_right\u00bb shape_divider_position=\u00bbbottom\u00bb bg_image_animation=\u00bbnone\u00bb][vc_column column_padding=\u00bbno-extra-padding\u00bb column_padding_tablet=\u00bbinherit\u00bb column_padding_phone=\u00bbinherit\u00bb column_padding_position=\u00bball\u00bb column_element_direction_desktop=\u00bbdefault\u00bb column_element_spacing=\u00bbdefault\u00bb desktop_text_alignment=\u00bbdefault\u00bb tablet_text_alignment=\u00bbdefault\u00bb phone_text_alignment=\u00bbdefault\u00bb background_color_opacity=\u00bb1&#8243; background_hover_color_opacity=\u00bb1&#8243; column_backdrop_filter=\u00bbnone\u00bb column_shadow=\u00bbnone\u00bb column_border_radius=\u00bbnone\u00bb column_link_target=\u00bb_self\u00bb column_position=\u00bbdefault\u00bb gradient_direction=\u00bbleft_to_right\u00bb overlay_strength=\u00bb0.3&#8243; width=\u00bb1\/1&#8243; tablet_width_inherit=\u00bbdefault\u00bb animation_type=\u00bbdefault\u00bb bg_image_animation=\u00bbnone\u00bb border_type=\u00bbsimple\u00bb column_border_width=\u00bbnone\u00bb column_border_style=\u00bbsolid\u00bb][vc_column_text css=\u00bb\u00bb text_direction=\u00bbdefault\u00bb]Escolhe o valor que queres oferecer e que poder\u00e1 ser usufru\u00eddo em qualquer experi\u00eancia Banzai.<\/p>\n<p>&nbsp;<\/p>\n<p>&nbsp;<\/p>\n<p>Comprar um voucher na Banzai \u00e9 t\u00e3o simples quanto desvendar o primeiro passo de uma grande miss\u00e3o! \ud83d\ude0e<\/p>\n<p>Em poucas horas, o voucher digital estar\u00e1 no seu e-mail, prontinho para uso ou personaliza\u00e7\u00e3o \u2013 coloque aquele toque especial que s\u00f3 voc\u00ea sabe fazer.<\/p>\n<div class=\"flex-shrink-0 flex flex-col relative items-end\">\n<div>\n<div class=\"pt-0\">\n<div class=\"gizmo-bot-avatar flex h-8 w-8 items-center justify-center overflow-hidden rounded-full\">\n<div class=\"relative p-1 rounded-sm flex items-center justify-center bg-token-main-surface-primary text-token-text-primary h-8 w-8\"><\/div>\n<\/div>\n<\/div>\n<\/div>\n<\/div>\n<div class=\"group\/conversation-turn relative flex w-full min-w-0 flex-col agent-turn\">\n<div class=\"flex-col gap-1 md:gap-3\">\n<div class=\"flex max-w-full flex-col flex-grow\">\n<div class=\"min-h-8 text-message flex w-full flex-col items-end gap-2 whitespace-normal break-words [.text-message+&amp;]:mt-5\" dir=\"auto\" data-message-author-role=\"assistant\" data-message-id=\"1733d812-3286-4fec-bf43-e097019fe2f6\" data-message-model-slug=\"gpt-4o\">\n<div class=\"flex w-full flex-col gap-1 empty:hidden first:pt-[3px]\">\n<div class=\"markdown prose w-full break-words dark:prose-invert light\">\n<p>\ud83c\udf81 <strong>Torne o presente ainda mais inesquec\u00edvel com estas op\u00e7\u00f5es incr\u00edveis:<\/strong><\/p>\n<ul>\n<li><strong>Caixa Mist\u00e9rio:<\/strong> Parece simples, mas descobrir como abri-la ser\u00e1 um desafio que vai fazer todo mundo co\u00e7ar a cabe\u00e7a e sorrir de satisfa\u00e7\u00e3o. S\u00f3 depois de resolver o enigma a pessoa saber\u00e1 o que realmente ganhou!<\/li>\n<li><strong>Caixa Mist\u00e9rio Premium:<\/strong> Maior e ainda mais desafiante, esta vers\u00e3o inclui v\u00e1rias etapas at\u00e9 ser aberta. O presente ideal para quem adora um derradeiro desafio \u2013 e a revela\u00e7\u00e3o final s\u00f3 acontece depois de superar tudo!<\/li>\n<li><strong>Cubo Puzzle:<\/strong> Teste de habilidade! Resolva o puzzle com destreza para levar a bolinha ao local certo, abrir o cubo e, finalmente, desvendar a surpresa guardada.<\/li>\n<\/ul>\n<p><em>\ud83d\udd0d A emo\u00e7\u00e3o come\u00e7a antes mesmo de saber o que recebeu!<\/em><\/p>\n<\/div>\n<\/div>\n<\/div>\n<\/div>\n<\/div>\n<\/div>\n<p>Divers\u00e3o garantida antes mesmo do jogo come\u00e7ar. E para completar, acompanha um <strong>saco super divertido<\/strong>, que \u00e9 um verdadeiro im\u00e3 de curiosidade \u2013 com certeza ser\u00e1 o destaque entre todas as prendas!<\/p>\n<p>&nbsp;<\/p>\n<p>\ud83d\udce6 <strong>Importante:<\/strong><\/p>\n<ul>\n<li><strong>Vouchers f\u00edsicos<\/strong> (caixas e puzzles) n\u00e3o est\u00e3o dispon\u00edveis para entrega na loja nos dias 24, 25 e 31 de dezembro e 1 de janeiro.<\/li>\n<li>Devolu\u00e7\u00f5es? Sim, at\u00e9 14 dias! Mas s\u00f3 se o c\u00f3digo ainda n\u00e3o foi usado e o voucher f\u00edsico estiver intacto e sem personaliza\u00e7\u00f5es adicionais.<\/li>\n<\/ul>\n<p>\ud83c\udfae Surpreenda com um presente que come\u00e7a a divertir antes mesmo de chegar \u00e0 sala de jogos. Banzai: a aventura est\u00e1 s\u00f3 a come\u00e7ar![\/vc_column_text][\/vc_column][\/vc_row]\n","protected":false},"excerpt":{"rendered":"<p>[vc_row type=\u00bbin_container\u00bb full_screen_row_position=\u00bbmiddle\u00bb column_margin=\u00bbdefault\u00bb column_direction=\u00bbdefault\u00bb column_direction_tablet=\u00bbdefault\u00bb column_direction_phone=\u00bbdefault\u00bb scene_position=\u00bbcenter\u00bb text_color=\u00bbdark\u00bb text_align=\u00bbleft\u00bb row_border_radius=\u00bbnone\u00bb row_border_radius_applies=\u00bbbg\u00bb overflow=\u00bbvisible\u00bb overlay_strength=\u00bb0.3&#8243; gradient_direction=\u00bbleft_to_right\u00bb shape_divider_position=\u00bbbottom\u00bb bg_image_animation=\u00bbnone\u00bb][vc_column column_padding=\u00bbno-extra-padding\u00bb column_padding_tablet=\u00bbinherit\u00bb column_padding_phone=\u00bbinherit\u00bb column_padding_position=\u00bball\u00bb column_element_direction_desktop=\u00bbdefault\u00bb column_element_spacing=\u00bbdefault\u00bb desktop_text_alignment=\u00bbdefault\u00bb tablet_text_alignment=\u00bbdefault\u00bb phone_text_alignment=\u00bbdefault\u00bb background_color_opacity=\u00bb1&#8243; background_hover_color_opacity=\u00bb1&#8243; column_backdrop_filter=\u00bbnone\u00bb column_shadow=\u00bbnone\u00bb&#8230;<\/p>\n","protected":false},"featured_media":1005,"comment_status":"open","ping_status":"closed","template":"","meta":{"iawp_total_views":1811},"product_brand":[],"product_cat":[36],"product_tag":[],"class_list":{"0":"post-1453","1":"product","2":"type-product","3":"status-publish","4":"has-post-thumbnail","6":"product_cat-vouchers-loja","8":"first","9":"instock","10":"shipping-taxable","11":"purchasable","12":"product-type-variable"},"yoast_head":"<!-- This site is optimized with the Yoast SEO plugin v27.5 - https:\/\/yoast.com\/product\/yoast-seo-wordpress\/ -->\n<title>Banzai (vouchers gen\u00e9ricos) - Banzai<\/title>\n<meta name=\"robots\" content=\"index, follow, max-snippet:-1, max-image-preview:large, max-video-preview:-1\" \/>\n<link rel=\"canonical\" href=\"https:\/\/banzai.pt\/es\/product\/banzai-vouchers-genericos\/\" \/>\n<meta property=\"og:locale\" content=\"es_ES\" \/>\n<meta property=\"og:type\" content=\"article\" \/>\n<meta property=\"og:title\" content=\"Banzai (vouchers gen\u00e9ricos) - Banzai\" \/>\n<meta property=\"og:description\" content=\"[vc_row type=\u00bbin_container\u00bb full_screen_row_position=\u00bbmiddle\u00bb column_margin=\u00bbdefault\u00bb column_direction=\u00bbdefault\u00bb column_direction_tablet=\u00bbdefault\u00bb column_direction_phone=\u00bbdefault\u00bb scene_position=\u00bbcenter\u00bb text_color=\u00bbdark\u00bb text_align=\u00bbleft\u00bb row_border_radius=\u00bbnone\u00bb row_border_radius_applies=\u00bbbg\u00bb overflow=\u00bbvisible\u00bb overlay_strength=\u00bb0.3&#8243; gradient_direction=\u00bbleft_to_right\u00bb shape_divider_position=\u00bbbottom\u00bb bg_image_animation=\u00bbnone\u00bb][vc_column column_padding=\u00bbno-extra-padding\u00bb column_padding_tablet=\u00bbinherit\u00bb column_padding_phone=\u00bbinherit\u00bb column_padding_position=\u00bball\u00bb column_element_direction_desktop=\u00bbdefault\u00bb column_element_spacing=\u00bbdefault\u00bb desktop_text_alignment=\u00bbdefault\u00bb tablet_text_alignment=\u00bbdefault\u00bb phone_text_alignment=\u00bbdefault\u00bb background_color_opacity=\u00bb1&#8243; background_hover_color_opacity=\u00bb1&#8243; column_backdrop_filter=\u00bbnone\u00bb column_shadow=\u00bbnone\u00bb...\" \/>\n<meta property=\"og:url\" content=\"https:\/\/banzai.pt\/es\/product\/banzai-vouchers-genericos\/\" \/>\n<meta property=\"og:site_name\" content=\"Banzai\" \/>\n<meta property=\"article:modified_time\" content=\"2025-12-16T10:25:09+00:00\" \/>\n<meta property=\"og:image\" content=\"https:\/\/banzai.pt\/wp-content\/uploads\/2020\/07\/banzai-hero2.png\" \/>\n\t<meta property=\"og:image:width\" content=\"2049\" \/>\n\t<meta property=\"og:image:height\" content=\"958\" \/>\n\t<meta property=\"og:image:type\" content=\"image\/png\" \/>\n<meta name=\"twitter:card\" content=\"summary_large_image\" \/>\n<meta name=\"twitter:label1\" content=\"Tiempo de lectura\" \/>\n\t<meta name=\"twitter:data1\" content=\"1 minuto\" \/>\n<script type=\"application\/ld+json\" class=\"yoast-schema-graph\">{\"@context\":\"https:\\\/\\\/schema.org\",\"@graph\":[{\"@type\":\"WebPage\",\"@id\":\"https:\\\/\\\/banzai.pt\\\/es\\\/product\\\/banzai-vouchers-genericos\\\/\",\"url\":\"https:\\\/\\\/banzai.pt\\\/es\\\/product\\\/banzai-vouchers-genericos\\\/\",\"name\":\"Banzai (vouchers gen\u00e9ricos) - Banzai\",\"isPartOf\":{\"@id\":\"https:\\\/\\\/banzai.pt\\\/es\\\/#website\"},\"primaryImageOfPage\":{\"@id\":\"https:\\\/\\\/banzai.pt\\\/es\\\/product\\\/banzai-vouchers-genericos\\\/#primaryimage\"},\"image\":{\"@id\":\"https:\\\/\\\/banzai.pt\\\/es\\\/product\\\/banzai-vouchers-genericos\\\/#primaryimage\"},\"thumbnailUrl\":\"https:\\\/\\\/banzai.pt\\\/wp-content\\\/uploads\\\/2020\\\/07\\\/banzai-hero2.png\",\"datePublished\":\"2021-12-21T20:42:19+00:00\",\"dateModified\":\"2025-12-16T10:25:09+00:00\",\"breadcrumb\":{\"@id\":\"https:\\\/\\\/banzai.pt\\\/es\\\/product\\\/banzai-vouchers-genericos\\\/#breadcrumb\"},\"inLanguage\":\"es\",\"potentialAction\":[{\"@type\":\"ReadAction\",\"target\":[\"https:\\\/\\\/banzai.pt\\\/es\\\/product\\\/banzai-vouchers-genericos\\\/\"]}]},{\"@type\":\"ImageObject\",\"inLanguage\":\"es\",\"@id\":\"https:\\\/\\\/banzai.pt\\\/es\\\/product\\\/banzai-vouchers-genericos\\\/#primaryimage\",\"url\":\"https:\\\/\\\/banzai.pt\\\/wp-content\\\/uploads\\\/2020\\\/07\\\/banzai-hero2.png\",\"contentUrl\":\"https:\\\/\\\/banzai.pt\\\/wp-content\\\/uploads\\\/2020\\\/07\\\/banzai-hero2.png\",\"width\":2049,\"height\":958},{\"@type\":\"BreadcrumbList\",\"@id\":\"https:\\\/\\\/banzai.pt\\\/es\\\/product\\\/banzai-vouchers-genericos\\\/#breadcrumb\",\"itemListElement\":[{\"@type\":\"ListItem\",\"position\":1,\"name\":\"Home\",\"item\":\"https:\\\/\\\/banzai.pt\\\/es\\\/casa\\\/\"},{\"@type\":\"ListItem\",\"position\":2,\"name\":\"Vouchers Prenda\",\"item\":\"https:\\\/\\\/banzai.pt\\\/vouchers-prenda\\\/\"},{\"@type\":\"ListItem\",\"position\":3,\"name\":\"Banzai (vouchers gen\u00e9ricos)\"}]},{\"@type\":\"WebSite\",\"@id\":\"https:\\\/\\\/banzai.pt\\\/es\\\/#website\",\"url\":\"https:\\\/\\\/banzai.pt\\\/es\\\/\",\"name\":\"Banzai\",\"description\":\"Banzai\",\"publisher\":{\"@id\":\"https:\\\/\\\/banzai.pt\\\/es\\\/#organization\"},\"potentialAction\":[{\"@type\":\"SearchAction\",\"target\":{\"@type\":\"EntryPoint\",\"urlTemplate\":\"https:\\\/\\\/banzai.pt\\\/es\\\/?s={search_term_string}\"},\"query-input\":{\"@type\":\"PropertyValueSpecification\",\"valueRequired\":true,\"valueName\":\"search_term_string\"}}],\"inLanguage\":\"es\"},{\"@type\":\"Organization\",\"@id\":\"https:\\\/\\\/banzai.pt\\\/es\\\/#organization\",\"name\":\"Banzai\",\"url\":\"https:\\\/\\\/banzai.pt\\\/es\\\/\",\"logo\":{\"@type\":\"ImageObject\",\"inLanguage\":\"es\",\"@id\":\"https:\\\/\\\/banzai.pt\\\/es\\\/#\\\/schema\\\/logo\\\/image\\\/\",\"url\":\"https:\\\/\\\/banzai.pt\\\/wp-content\\\/uploads\\\/2019\\\/07\\\/hero.png\",\"contentUrl\":\"https:\\\/\\\/banzai.pt\\\/wp-content\\\/uploads\\\/2019\\\/07\\\/hero.png\",\"width\":2560,\"height\":1870,\"caption\":\"Banzai\"},\"image\":{\"@id\":\"https:\\\/\\\/banzai.pt\\\/es\\\/#\\\/schema\\\/logo\\\/image\\\/\"}}]}<\/script>\n<!-- \/ Yoast SEO plugin. -->","yoast_head_json":{"title":"Banzai (vouchers gen\u00e9ricos) - Banzai","robots":{"index":"index","follow":"follow","max-snippet":"max-snippet:-1","max-image-preview":"max-image-preview:large","max-video-preview":"max-video-preview:-1"},"canonical":"https:\/\/banzai.pt\/es\/product\/banzai-vouchers-genericos\/","og_locale":"es_ES","og_type":"article","og_title":"Banzai (vouchers gen\u00e9ricos) - Banzai","og_description":"[vc_row type=\u00bbin_container\u00bb full_screen_row_position=\u00bbmiddle\u00bb column_margin=\u00bbdefault\u00bb column_direction=\u00bbdefault\u00bb column_direction_tablet=\u00bbdefault\u00bb column_direction_phone=\u00bbdefault\u00bb scene_position=\u00bbcenter\u00bb text_color=\u00bbdark\u00bb text_align=\u00bbleft\u00bb row_border_radius=\u00bbnone\u00bb row_border_radius_applies=\u00bbbg\u00bb overflow=\u00bbvisible\u00bb overlay_strength=\u00bb0.3&#8243; gradient_direction=\u00bbleft_to_right\u00bb shape_divider_position=\u00bbbottom\u00bb bg_image_animation=\u00bbnone\u00bb][vc_column column_padding=\u00bbno-extra-padding\u00bb column_padding_tablet=\u00bbinherit\u00bb column_padding_phone=\u00bbinherit\u00bb column_padding_position=\u00bball\u00bb column_element_direction_desktop=\u00bbdefault\u00bb column_element_spacing=\u00bbdefault\u00bb desktop_text_alignment=\u00bbdefault\u00bb tablet_text_alignment=\u00bbdefault\u00bb phone_text_alignment=\u00bbdefault\u00bb background_color_opacity=\u00bb1&#8243; background_hover_color_opacity=\u00bb1&#8243; column_backdrop_filter=\u00bbnone\u00bb column_shadow=\u00bbnone\u00bb...","og_url":"https:\/\/banzai.pt\/es\/product\/banzai-vouchers-genericos\/","og_site_name":"Banzai","article_modified_time":"2025-12-16T10:25:09+00:00","og_image":[{"width":2049,"height":958,"url":"https:\/\/banzai.pt\/wp-content\/uploads\/2020\/07\/banzai-hero2.png","type":"image\/png"}],"twitter_card":"summary_large_image","twitter_misc":{"Tiempo de lectura":"1 minuto"},"schema":{"@context":"https:\/\/schema.org","@graph":[{"@type":"WebPage","@id":"https:\/\/banzai.pt\/es\/product\/banzai-vouchers-genericos\/","url":"https:\/\/banzai.pt\/es\/product\/banzai-vouchers-genericos\/","name":"Banzai (vouchers gen\u00e9ricos) - Banzai","isPartOf":{"@id":"https:\/\/banzai.pt\/es\/#website"},"primaryImageOfPage":{"@id":"https:\/\/banzai.pt\/es\/product\/banzai-vouchers-genericos\/#primaryimage"},"image":{"@id":"https:\/\/banzai.pt\/es\/product\/banzai-vouchers-genericos\/#primaryimage"},"thumbnailUrl":"https:\/\/banzai.pt\/wp-content\/uploads\/2020\/07\/banzai-hero2.png","datePublished":"2021-12-21T20:42:19+00:00","dateModified":"2025-12-16T10:25:09+00:00","breadcrumb":{"@id":"https:\/\/banzai.pt\/es\/product\/banzai-vouchers-genericos\/#breadcrumb"},"inLanguage":"es","potentialAction":[{"@type":"ReadAction","target":["https:\/\/banzai.pt\/es\/product\/banzai-vouchers-genericos\/"]}]},{"@type":"ImageObject","inLanguage":"es","@id":"https:\/\/banzai.pt\/es\/product\/banzai-vouchers-genericos\/#primaryimage","url":"https:\/\/banzai.pt\/wp-content\/uploads\/2020\/07\/banzai-hero2.png","contentUrl":"https:\/\/banzai.pt\/wp-content\/uploads\/2020\/07\/banzai-hero2.png","width":2049,"height":958},{"@type":"BreadcrumbList","@id":"https:\/\/banzai.pt\/es\/product\/banzai-vouchers-genericos\/#breadcrumb","itemListElement":[{"@type":"ListItem","position":1,"name":"Home","item":"https:\/\/banzai.pt\/es\/casa\/"},{"@type":"ListItem","position":2,"name":"Vouchers Prenda","item":"https:\/\/banzai.pt\/vouchers-prenda\/"},{"@type":"ListItem","position":3,"name":"Banzai (vouchers gen\u00e9ricos)"}]},{"@type":"WebSite","@id":"https:\/\/banzai.pt\/es\/#website","url":"https:\/\/banzai.pt\/es\/","name":"Banzai","description":"Banzai","publisher":{"@id":"https:\/\/banzai.pt\/es\/#organization"},"potentialAction":[{"@type":"SearchAction","target":{"@type":"EntryPoint","urlTemplate":"https:\/\/banzai.pt\/es\/?s={search_term_string}"},"query-input":{"@type":"PropertyValueSpecification","valueRequired":true,"valueName":"search_term_string"}}],"inLanguage":"es"},{"@type":"Organization","@id":"https:\/\/banzai.pt\/es\/#organization","name":"Banzai","url":"https:\/\/banzai.pt\/es\/","logo":{"@type":"ImageObject","inLanguage":"es","@id":"https:\/\/banzai.pt\/es\/#\/schema\/logo\/image\/","url":"https:\/\/banzai.pt\/wp-content\/uploads\/2019\/07\/hero.png","contentUrl":"https:\/\/banzai.pt\/wp-content\/uploads\/2019\/07\/hero.png","width":2560,"height":1870,"caption":"Banzai"},"image":{"@id":"https:\/\/banzai.pt\/es\/#\/schema\/logo\/image\/"}}]}},"_links":{"self":[{"href":"https:\/\/banzai.pt\/es\/wp-json\/wp\/v2\/product\/1453","targetHints":{"allow":["GET"]}}],"collection":[{"href":"https:\/\/banzai.pt\/es\/wp-json\/wp\/v2\/product"}],"about":[{"href":"https:\/\/banzai.pt\/es\/wp-json\/wp\/v2\/types\/product"}],"replies":[{"embeddable":true,"href":"https:\/\/banzai.pt\/es\/wp-json\/wp\/v2\/comments?post=1453"}],"wp:featuredmedia":[{"embeddable":true,"href":"https:\/\/banzai.pt\/es\/wp-json\/wp\/v2\/media\/1005"}],"wp:attachment":[{"href":"https:\/\/banzai.pt\/es\/wp-json\/wp\/v2\/media?parent=1453"}],"wp:term":[{"taxonomy":"product_brand","embeddable":true,"href":"https:\/\/banzai.pt\/es\/wp-json\/wp\/v2\/product_brand?post=1453"},{"taxonomy":"product_cat","embeddable":true,"href":"https:\/\/banzai.pt\/es\/wp-json\/wp\/v2\/product_cat?post=1453"},{"taxonomy":"product_tag","embeddable":true,"href":"https:\/\/banzai.pt\/es\/wp-json\/wp\/v2\/product_tag?post=1453"}],"curies":[{"name":"wp","href":"https:\/\/api.w.org\/{rel}","templated":true}]}}