{"id":757,"date":"2019-11-17T14:56:10","date_gmt":"2019-11-17T14:56:10","guid":{"rendered":"https:\/\/banzai.pt\/contactos-2\/"},"modified":"2024-06-07T18:46:09","modified_gmt":"2024-06-07T18:46:09","slug":"contactos-2","status":"publish","type":"page","link":"https:\/\/banzai.pt\/es\/contactos-2\/","title":{"rendered":"Contactos"},"content":{"rendered":"[vc_row type=\u00bbfull_width_content\u00bb full_screen_row_position=\u00bbmiddle\u00bb column_margin=\u00bbdefault\u00bb equal_height=\u00bbyes\u00bb column_direction=\u00bbdefault\u00bb column_direction_tablet=\u00bbdefault\u00bb column_direction_phone=\u00bbdefault\u00bb bg_color=\u00bb#141414&#8243; scene_position=\u00bbcenter\u00bb text_color=\u00bblight\u00bb text_align=\u00bbleft\u00bb row_border_radius=\u00bbnone\u00bb row_border_radius_applies=\u00bbbg\u00bb overflow=\u00bbvisible\u00bb overlay_strength=\u00bb0.3&#8243; gradient_direction=\u00bbleft_to_right\u00bb shape_divider_position=\u00bbbottom\u00bb bg_image_animation=\u00bbnone\u00bb][vc_column column_padding=\u00bbno-extra-padding\u00bb column_padding_tablet=\u00bbinherit\u00bb column_padding_phone=\u00bbinherit\u00bb column_padding_position=\u00bball\u00bb column_element_direction_desktop=\u00bbdefault\u00bb column_element_spacing=\u00bbdefault\u00bb desktop_text_alignment=\u00bbdefault\u00bb tablet_text_alignment=\u00bbdefault\u00bb phone_text_alignment=\u00bbdefault\u00bb background_color_opacity=\u00bb1&#8243; background_hover_color_opacity=\u00bb1&#8243; column_backdrop_filter=\u00bbnone\u00bb column_shadow=\u00bbnone\u00bb column_border_radius=\u00bbnone\u00bb column_link_target=\u00bb_self\u00bb column_position=\u00bbdefault\u00bb gradient_direction=\u00bbleft_to_right\u00bb overlay_strength=\u00bb0.3&#8243; width=\u00bb1\/2&#8243; tablet_width_inherit=\u00bbdefault\u00bb animation_type=\u00bbdefault\u00bb enable_animation=\u00bbtrue\u00bb animation=\u00bbgrow-in\u00bb animation_easing=\u00bbdefault\u00bb bg_image_animation=\u00bbnone\u00bb border_type=\u00bbsimple\u00bb column_border_width=\u00bbnone\u00bb column_border_style=\u00bbsolid\u00bb delay=\u00bb200&#8243;][nectar_gmap map_type=\u00bbgoogle\u00bb zoom=\u00bb16&#8243; enable_zoom=\u00bb1&#8243; marker_style=\u00bbnectar\u00bb nectar_marker_color=\u00bbaccent-color\u00bb marker_animation=\u00bb1&#8243; size=\u00bb1080&#8243; map_center_lat=\u00bb41.1482921&#8243; map_center_lng=\u00bb-8.6079514&#8243; map_markers=\u00bb41.1482921|-8.6079514&#8243;][\/vc_column][vc_column column_padding=\u00bbpadding-8-percent\u00bb column_padding_tablet=\u00bbinherit\u00bb column_padding_phone=\u00bbinherit\u00bb column_padding_position=\u00bball\u00bb column_element_direction_desktop=\u00bbdefault\u00bb column_element_spacing=\u00bbdefault\u00bb desktop_text_alignment=\u00bbdefault\u00bb tablet_text_alignment=\u00bbdefault\u00bb phone_text_alignment=\u00bbdefault\u00bb background_color=\u00bb#ff1053&#8243; background_color_opacity=\u00bb0.9&#8243; background_hover_color_opacity=\u00bb1&#8243; background_image=\u00bb123&#8243; background_image_position=\u00bbcenter center\u00bb background_image_stacking=\u00bbdefault\u00bb enable_bg_scale=\u00bbtrue\u00bb background_image_loading=\u00bbdefault\u00bb column_backdrop_filter=\u00bbnone\u00bb column_shadow=\u00bbnone\u00bb column_border_radius=\u00bbnone\u00bb column_link_target=\u00bb_self\u00bb column_position=\u00bbdefault\u00bb gradient_direction=\u00bbleft_to_right\u00bb overlay_strength=\u00bb0.3&#8243; width=\u00bb1\/2&#8243; tablet_width_inherit=\u00bbdefault\u00bb animation_type=\u00bbdefault\u00bb enable_animation=\u00bbtrue\u00bb animation=\u00bbgrow-in\u00bb animation_easing=\u00bbdefault\u00bb bg_image_animation=\u00bbnone\u00bb border_type=\u00bbsimple\u00bb column_border_width=\u00bbnone\u00bb column_border_style=\u00bbsolid\u00bb delay=\u00bb300&#8243;][vc_column_text css_animation=\u00bbnone\u00bb text_direction=\u00bbdefault\u00bb]\n<h3>Contactos<\/h3>\n<h5><\/h5>\n<h5>Direcci\u00f3n<\/h5>\n<p>Rua Dr. Ant\u00f3nio Em\u00edlio Magalh\u00e1es 24<\/p>\n<p>4000-090 Oporto, Portugal<\/p>\n<p>GPS: 786587658765, 9868976<\/p>\n<a class=\"nectar-button n-sc-button medium see-through-2\" target=\"_blank\" href=\"http:\/\/maps.google.com\/?q=41.1482921,-8.6079514\" data-color-override=\"false\" data-hover-color-override=\"false\" data-hover-text-color-override=\"#fff\"><span>Direcciones<\/span><\/a>\n<h5><\/h5>\n<p>&nbsp;<\/p>\n<h5>Tel\u00e9fono y correo electr\u00f3nico<\/h5>\n<p>+351 22 328 22 22 (coste de llamar a la red fija nacional)<\/p>\n<p>team@banzai.pt<\/p>\n<p>Asociaciones: partners@banzai.pt<\/p>\n<h5><\/h5>\n<p>&nbsp;<\/p>\n<h5>C\u00f3mo llegar<\/h5>\n<p>En tren:<\/p>\n<ul>\n<li>Desde Lisboa: Sta Apol\u00f3nia \/ Oriente, hasta la estaci\u00f3n de la estaci\u00f3n de Campanh\u00e1 (autob\u00fas 207) y luego a la estaci\u00f3n de san Bento en metro<\/li>\n<\/ul>\n<p>En metro:<\/p>\n<ul>\n<li>Desde el aeropuerto &#8211; bajar en la estaci\u00f3n de Bolhao<\/li>\n<\/ul>\n[\/vc_column_text][\/vc_column][\/vc_row]\n","protected":false},"excerpt":{"rendered":"<p>[vc_row type=\u00bbfull_width_content\u00bb full_screen_row_position=\u00bbmiddle\u00bb column_margin=\u00bbdefault\u00bb equal_height=\u00bbyes\u00bb column_direction=\u00bbdefault\u00bb column_direction_tablet=\u00bbdefault\u00bb column_direction_phone=\u00bbdefault\u00bb bg_color=\u00bb#141414&#8243; scene_position=\u00bbcenter\u00bb text_color=\u00bblight\u00bb text_align=\u00bbleft\u00bb row_border_radius=\u00bbnone\u00bb row_border_radius_applies=\u00bbbg\u00bb overflow=\u00bbvisible\u00bb overlay_strength=\u00bb0.3&#8243; gradient_direction=\u00bbleft_to_right\u00bb shape_divider_position=\u00bbbottom\u00bb bg_image_animation=\u00bbnone\u00bb][vc_column column_padding=\u00bbno-extra-padding\u00bb column_padding_tablet=\u00bbinherit\u00bb column_padding_phone=\u00bbinherit\u00bb column_padding_position=\u00bball\u00bb column_element_direction_desktop=\u00bbdefault\u00bb column_element_spacing=\u00bbdefault\u00bb desktop_text_alignment=\u00bbdefault\u00bb tablet_text_alignment=\u00bbdefault\u00bb phone_text_alignment=\u00bbdefault\u00bb background_color_opacity=\u00bb1&#8243; background_hover_color_opacity=\u00bb1&#8243;&#8230;<\/p>\n","protected":false},"author":1,"featured_media":0,"parent":0,"menu_order":0,"comment_status":"closed","ping_status":"closed","template":"","meta":{"iawp_total_views":19,"footnotes":""},"class_list":["post-757","page","type-page","status-publish"],"yoast_head":"<!-- This site is optimized with the Yoast SEO plugin v27.6 - https:\/\/yoast.com\/product\/yoast-seo-wordpress\/ -->\n<title>Contactos de Banzai en Oporto<\/title>\n<meta name=\"description\" content=\"P\u00f3ngase en contacto con nosotros por correo electr\u00f3nico para team@banzai.pt o llame al +351 915901013 para reservar las actividades m\u00e1s originales de porto\" \/>\n<meta name=\"robots\" content=\"index, follow, max-snippet:-1, max-image-preview:large, max-video-preview:-1\" \/>\n<link rel=\"canonical\" href=\"https:\/\/banzai.pt\/es\/contactos-2\/\" \/>\n<meta property=\"og:locale\" content=\"es_ES\" \/>\n<meta property=\"og:type\" content=\"article\" \/>\n<meta property=\"og:title\" content=\"Contactos de Banzai en Oporto\" \/>\n<meta property=\"og:description\" content=\"P\u00f3ngase en contacto con nosotros por correo electr\u00f3nico para team@banzai.pt o llame al +351 915901013 para reservar las actividades m\u00e1s originales de porto\" \/>\n<meta property=\"og:url\" content=\"https:\/\/banzai.pt\/es\/contactos-2\/\" \/>\n<meta property=\"og:site_name\" content=\"Banzai\" \/>\n<meta property=\"article:modified_time\" content=\"2024-06-07T18:46:09+00:00\" \/>\n<meta name=\"twitter:card\" content=\"summary_large_image\" \/>\n<meta name=\"twitter:label1\" content=\"Tiempo de lectura\" \/>\n\t<meta name=\"twitter:data1\" content=\"2 minutos\" \/>\n<script type=\"application\/ld+json\" class=\"yoast-schema-graph\">{\"@context\":\"https:\\\/\\\/schema.org\",\"@graph\":[{\"@type\":\"WebPage\",\"@id\":\"https:\\\/\\\/banzai.pt\\\/es\\\/contactos-2\\\/\",\"url\":\"https:\\\/\\\/banzai.pt\\\/es\\\/contactos-2\\\/\",\"name\":\"Contactos de Banzai en Oporto\",\"isPartOf\":{\"@id\":\"https:\\\/\\\/banzai.pt\\\/es\\\/#website\"},\"datePublished\":\"2019-11-17T14:56:10+00:00\",\"dateModified\":\"2024-06-07T18:46:09+00:00\",\"description\":\"P\u00f3ngase en contacto con nosotros por correo electr\u00f3nico para team@banzai.pt o llame al +351 915901013 para reservar las actividades m\u00e1s originales de porto\",\"breadcrumb\":{\"@id\":\"https:\\\/\\\/banzai.pt\\\/es\\\/contactos-2\\\/#breadcrumb\"},\"inLanguage\":\"es\",\"potentialAction\":[{\"@type\":\"ReadAction\",\"target\":[\"https:\\\/\\\/banzai.pt\\\/es\\\/contactos-2\\\/\"]}]},{\"@type\":\"BreadcrumbList\",\"@id\":\"https:\\\/\\\/banzai.pt\\\/es\\\/contactos-2\\\/#breadcrumb\",\"itemListElement\":[{\"@type\":\"ListItem\",\"position\":1,\"name\":\"Home\",\"item\":\"https:\\\/\\\/banzai.pt\\\/es\\\/casa\\\/\"},{\"@type\":\"ListItem\",\"position\":2,\"name\":\"Contactos\"}]},{\"@type\":\"WebSite\",\"@id\":\"https:\\\/\\\/banzai.pt\\\/es\\\/#website\",\"url\":\"https:\\\/\\\/banzai.pt\\\/es\\\/\",\"name\":\"Banzai\",\"description\":\"Banzai\",\"publisher\":{\"@id\":\"https:\\\/\\\/banzai.pt\\\/es\\\/#organization\"},\"potentialAction\":[{\"@type\":\"SearchAction\",\"target\":{\"@type\":\"EntryPoint\",\"urlTemplate\":\"https:\\\/\\\/banzai.pt\\\/es\\\/?s={search_term_string}\"},\"query-input\":{\"@type\":\"PropertyValueSpecification\",\"valueRequired\":true,\"valueName\":\"search_term_string\"}}],\"inLanguage\":\"es\"},{\"@type\":\"Organization\",\"@id\":\"https:\\\/\\\/banzai.pt\\\/es\\\/#organization\",\"name\":\"Banzai\",\"url\":\"https:\\\/\\\/banzai.pt\\\/es\\\/\",\"logo\":{\"@type\":\"ImageObject\",\"inLanguage\":\"es\",\"@id\":\"https:\\\/\\\/banzai.pt\\\/es\\\/#\\\/schema\\\/logo\\\/image\\\/\",\"url\":\"https:\\\/\\\/banzai.pt\\\/wp-content\\\/uploads\\\/2019\\\/07\\\/hero.png\",\"contentUrl\":\"https:\\\/\\\/banzai.pt\\\/wp-content\\\/uploads\\\/2019\\\/07\\\/hero.png\",\"width\":2560,\"height\":1870,\"caption\":\"Banzai\"},\"image\":{\"@id\":\"https:\\\/\\\/banzai.pt\\\/es\\\/#\\\/schema\\\/logo\\\/image\\\/\"}}]}<\/script>\n<!-- \/ Yoast SEO plugin. -->","yoast_head_json":{"title":"Contactos de Banzai en Oporto","description":"P\u00f3ngase en contacto con nosotros por correo electr\u00f3nico para team@banzai.pt o llame al +351 915901013 para reservar las actividades m\u00e1s originales de porto","robots":{"index":"index","follow":"follow","max-snippet":"max-snippet:-1","max-image-preview":"max-image-preview:large","max-video-preview":"max-video-preview:-1"},"canonical":"https:\/\/banzai.pt\/es\/contactos-2\/","og_locale":"es_ES","og_type":"article","og_title":"Contactos de Banzai en Oporto","og_description":"P\u00f3ngase en contacto con nosotros por correo electr\u00f3nico para team@banzai.pt o llame al +351 915901013 para reservar las actividades m\u00e1s originales de porto","og_url":"https:\/\/banzai.pt\/es\/contactos-2\/","og_site_name":"Banzai","article_modified_time":"2024-06-07T18:46:09+00:00","twitter_card":"summary_large_image","twitter_misc":{"Tiempo de lectura":"2 minutos"},"schema":{"@context":"https:\/\/schema.org","@graph":[{"@type":"WebPage","@id":"https:\/\/banzai.pt\/es\/contactos-2\/","url":"https:\/\/banzai.pt\/es\/contactos-2\/","name":"Contactos de Banzai en Oporto","isPartOf":{"@id":"https:\/\/banzai.pt\/es\/#website"},"datePublished":"2019-11-17T14:56:10+00:00","dateModified":"2024-06-07T18:46:09+00:00","description":"P\u00f3ngase en contacto con nosotros por correo electr\u00f3nico para team@banzai.pt o llame al +351 915901013 para reservar las actividades m\u00e1s originales de porto","breadcrumb":{"@id":"https:\/\/banzai.pt\/es\/contactos-2\/#breadcrumb"},"inLanguage":"es","potentialAction":[{"@type":"ReadAction","target":["https:\/\/banzai.pt\/es\/contactos-2\/"]}]},{"@type":"BreadcrumbList","@id":"https:\/\/banzai.pt\/es\/contactos-2\/#breadcrumb","itemListElement":[{"@type":"ListItem","position":1,"name":"Home","item":"https:\/\/banzai.pt\/es\/casa\/"},{"@type":"ListItem","position":2,"name":"Contactos"}]},{"@type":"WebSite","@id":"https:\/\/banzai.pt\/es\/#website","url":"https:\/\/banzai.pt\/es\/","name":"Banzai","description":"Banzai","publisher":{"@id":"https:\/\/banzai.pt\/es\/#organization"},"potentialAction":[{"@type":"SearchAction","target":{"@type":"EntryPoint","urlTemplate":"https:\/\/banzai.pt\/es\/?s={search_term_string}"},"query-input":{"@type":"PropertyValueSpecification","valueRequired":true,"valueName":"search_term_string"}}],"inLanguage":"es"},{"@type":"Organization","@id":"https:\/\/banzai.pt\/es\/#organization","name":"Banzai","url":"https:\/\/banzai.pt\/es\/","logo":{"@type":"ImageObject","inLanguage":"es","@id":"https:\/\/banzai.pt\/es\/#\/schema\/logo\/image\/","url":"https:\/\/banzai.pt\/wp-content\/uploads\/2019\/07\/hero.png","contentUrl":"https:\/\/banzai.pt\/wp-content\/uploads\/2019\/07\/hero.png","width":2560,"height":1870,"caption":"Banzai"},"image":{"@id":"https:\/\/banzai.pt\/es\/#\/schema\/logo\/image\/"}}]}},"_links":{"self":[{"href":"https:\/\/banzai.pt\/es\/wp-json\/wp\/v2\/pages\/757","targetHints":{"allow":["GET"]}}],"collection":[{"href":"https:\/\/banzai.pt\/es\/wp-json\/wp\/v2\/pages"}],"about":[{"href":"https:\/\/banzai.pt\/es\/wp-json\/wp\/v2\/types\/page"}],"author":[{"embeddable":true,"href":"https:\/\/banzai.pt\/es\/wp-json\/wp\/v2\/users\/1"}],"replies":[{"embeddable":true,"href":"https:\/\/banzai.pt\/es\/wp-json\/wp\/v2\/comments?post=757"}],"version-history":[{"count":5,"href":"https:\/\/banzai.pt\/es\/wp-json\/wp\/v2\/pages\/757\/revisions"}],"predecessor-version":[{"id":4304,"href":"https:\/\/banzai.pt\/es\/wp-json\/wp\/v2\/pages\/757\/revisions\/4304"}],"wp:attachment":[{"href":"https:\/\/banzai.pt\/es\/wp-json\/wp\/v2\/media?parent=757"}],"curies":[{"name":"wp","href":"https:\/\/api.w.org\/{rel}","templated":true}]}}