{"id":749,"date":"2019-11-17T14:49:14","date_gmt":"2019-11-17T14:49:14","guid":{"rendered":"https:\/\/banzai.pt\/fiestas-de-soltero\/"},"modified":"2019-11-17T14:49:16","modified_gmt":"2019-11-17T14:49:16","slug":"fiestas-de-soltero","status":"publish","type":"page","link":"https:\/\/banzai.pt\/es\/fiestas-de-soltero\/","title":{"rendered":"Fiestas de soltero"},"content":{"rendered":"[vc_row type=\u00bbfull_width_content\u00bb full_screen_row_position=\u00bbmiddle\u00bb equal_height=\u00bbyes\u00bb content_placement=\u00bbmiddle\u00bb scene_position=\u00bbcenter\u00bb text_color=\u00bbdark\u00bb text_align=\u00bbleft\u00bb overlay_strength=\u00bb0.3&#8243; shape_divider_position=\u00bbbottom\u00bb bg_image_animation=\u00bbnone\u00bb][vc_column centered_text=\u00bbtrue\u00bb column_padding=\u00bbpadding-10-percent\u00bb column_padding_position=\u00bball\u00bb background_color=\u00bb#81358a\u00bb background_color_opacity=\u00bb0.5&#8243; background_hover_color_opacity=\u00bb1&#8243; background_image=\u00bb549&#8243; font_color=\u00bb#ffffff\u00bb column_link_target=\u00bb_self\u00bb column_shadow=\u00bbnone\u00bb column_border_radius=\u00bbnone\u00bb width=\u00bb2\/3&#8243; tablet_width_inherit=\u00bbdefault\u00bb tablet_text_alignment=\u00bbdefault\u00bb phone_text_alignment=\u00bbdefault\u00bb column_border_width=\u00bbnone\u00bb column_border_style=\u00bbsolid\u00bb bg_image_animation=\u00bbnone\u00bb][vc_custom_heading text=\u00bbFiestas de soltero en Oporto\u00bb font_container=\u00bbtag:h1|text_align:center|color:%23ffffff\u00bb use_theme_fonts=\u00bbyes\u00bb][divider line_type=\u00bbNo Line\u00bb custom_height=\u00bb20&#8243;][vc_custom_heading text=\u00bbLas fiestas individuales y individuales son aquellos eventos en los que la originalidad tiene que estar presente en la fuerza. En Banzai prometemos sorprender&#8230;\u00bb font_container=\u00bbtag:p|text_align:center|color:rgba(255%2C255%2C255%2C0.69)\u00bb use_theme_fonts=\u00bbyes\u00bb css=\u00bb.vc_custom_1565639604100{padding-right: 15% !important;padding-left: 15% !important;}\u00bb][\/vc_column][vc_column centered_text=\u00bbtrue\u00bb column_padding=\u00bbpadding-6-percent\u00bb column_padding_position=\u00bball\u00bb background_color=\u00bb#ffffff\u00bb background_color_opacity=\u00bb1&#8243; background_hover_color_opacity=\u00bb1&#8243; column_link_target=\u00bb_self\u00bb column_shadow=\u00bbnone\u00bb column_border_radius=\u00bbnone\u00bb width=\u00bb1\/3&#8243; tablet_width_inherit=\u00bbdefault\u00bb tablet_text_alignment=\u00bbdefault\u00bb phone_text_alignment=\u00bbdefault\u00bb column_border_width=\u00bbnone\u00bb column_border_style=\u00bbsolid\u00bb bg_image_animation=\u00bbnone\u00bb][nectar_icon icon_family=\u00bbiconsmind\u00bb icon_style=\u00bbborder-animation\u00bb icon_border_thickness=\u00bb2px\u00bb icon_color=\u00bbextra-color-gradient-1&#8243; icon_padding=\u00bb15px\u00bb icon_iconsmind=\u00bbiconsmind-Funky\u00bb url=\u00bb#\u00bb margin_bottom=\u00bb10&#8243;][divider line_type=\u00bbNo Line\u00bb custom_height=\u00bb10&#8243;][vc_column_text max_width=\u00bb315&#8243;]\n<h4>Risas garantizadas<\/h4>\n[\/vc_column_text][divider line_type=\u00bbNo Line\u00bb custom_height=\u00bb5&#8243;][vc_column_text max_width=\u00bb350&#8243;]<span style=\"color: #aaa;\">Garantizamos que la se\u00f1ora se r\u00ede saldr\u00e1 y las emociones ser\u00e1n rojas<\/span>[\/vc_column_text][divider line_type=\u00bbNo Line\u00bb custom_height=\u00bb50&#8243;][nectar_icon icon_family=\u00bbiconsmind\u00bb icon_style=\u00bbborder-animation\u00bb icon_border_thickness=\u00bb2px\u00bb icon_color=\u00bbextra-color-gradient-1&#8243; icon_padding=\u00bb25px\u00bb icon_iconsmind=\u00bbiconsmind-Post-Sign2ways\u00bb margin_bottom=\u00bb15&#8243; icon_size=\u00bb40&#8243; url=\u00bb#\u00bb][divider line_type=\u00bbNo Line\u00bb custom_height=\u00bb10&#8243;][vc_column_text max_width=\u00bb315&#8243;]\n<h4>Ubicaci\u00f3n c\u00e9ntrica<\/h4>\n[\/vc_column_text][divider line_type=\u00bbNo Line\u00bb custom_height=\u00bb5&#8243;][vc_column_text max_width=\u00bb350&#8243;]<span style=\"color: #aaa;\">Situado en el coraz\u00f3n de la ciudad estamos al lado a menos de 5 minutos a pie de los mejores restaurantes y bares<\/span>[\/vc_column_text][divider line_type=\u00bbNo Line\u00bb custom_height=\u00bb50&#8243;][nectar_icon icon_family=\u00bbiconsmind\u00bb icon_style=\u00bbborder-animation\u00bb icon_border_thickness=\u00bb2px\u00bb icon_color=\u00bbextra-color-gradient-1&#8243; icon_padding=\u00bb25px\u00bb icon_iconsmind=\u00bbiconsmind-Batman-Mask\u00bb margin_bottom=\u00bb15&#8243; icon_size=\u00bb40&#8243; url=\u00bb#\u00bb][divider line_type=\u00bbNo Line\u00bb custom_height=\u00bb10&#8243;][vc_column_text max_width=\u00bb315&#8243;]\n<h4>Momentos memorables<\/h4>\n[\/vc_column_text][divider line_type=\u00bbNo Line\u00bb custom_height=\u00bb5&#8243;][vc_column_text max_width=\u00bb350&#8243;]<span style=\"color: #aaa;\"> Las actividades de Banzai son \u00fanicas en todo el mundo, por lo que no habr\u00e1 escasez de originalidad para su partido<\/span>[\/vc_column_text][divider line_type=\u00bbNo Line\u00bb custom_height=\u00bb30&#8243;][\/vc_column][\/vc_row][vc_row type=\u00bbfull_width_background\u00bb full_screen_row_position=\u00bbmiddle\u00bb bg_color=\u00bb#f2f2f2&#8243; scene_position=\u00bbcenter\u00bb text_color=\u00bblight\u00bb text_align=\u00bbleft\u00bb top_padding=\u00bb2%\u00bb overlay_strength=\u00bb0.3&#8243; enable_shape_divider=\u00bbtrue\u00bb shape_divider_color=\u00bb#ffffff\u00bb shape_divider_position=\u00bbtop\u00bb shape_divider_height=\u00bb80&#8243; bg_image_animation=\u00bbnone\u00bb shape_type=\u00bbcurve\u00bb][vc_column column_padding=\u00bbno-extra-padding\u00bb column_padding_position=\u00bball\u00bb background_color_opacity=\u00bb1&#8243; background_hover_color_opacity=\u00bb1&#8243; column_link_target=\u00bb_self\u00bb column_shadow=\u00bbnone\u00bb column_border_radius=\u00bbnone\u00bb width=\u00bb1\/1&#8243; tablet_width_inherit=\u00bbdefault\u00bb tablet_text_alignment=\u00bbdefault\u00bb phone_text_alignment=\u00bbdefault\u00bb column_border_width=\u00bbnone\u00bb column_border_style=\u00bbsolid\u00bb bg_image_animation=\u00bbnone\u00bb translate_y=\u00bb-50%\u00bb][vc_row_inner column_margin=\u00bbdefault\u00bb translate_y=\u00bb-100&#8243; text_align=\u00bbleft\u00bb][vc_column_inner column_padding=\u00bbpadding-6-percent\u00bb column_padding_position=\u00bball\u00bb centered_text=\u00bbtrue\u00bb background_color=\u00bb#ff1053&#8243; background_color_opacity=\u00bb1&#8243; background_hover_color_opacity=\u00bb1&#8243; font_color=\u00bb#ffffff\u00bb column_shadow=\u00bbmedium_depth\u00bb column_border_radius=\u00bb15px\u00bb column_link_target=\u00bb_self\u00bb width=\u00bb1\/2&#8243; tablet_width_inherit=\u00bbdefault\u00bb column_border_width=\u00bbnone\u00bb column_border_style=\u00bbsolid\u00bb bg_image_animation=\u00bbnone\u00bb][vc_custom_heading text=\u00bb\u00a1Reserva una despedida de soltero original y \u00e9pica!\u00bb font_container=\u00bbtag:h3|text_align:center\u00bb use_theme_fonts=\u00bbyes\u00bb][nectar_btn size=\u00bblarge\u00bb button_style=\u00bbsee-through-2&#8243; color_override=\u00bb#ffffff\u00bb hover_color_override=\u00bb#ffffff\u00bb hover_text_color_override=\u00bb#000000&#8243; icon_family=\u00bbnone\u00bb url=\u00bbhttps:\/\/banzai.pt\/reservas\u00bb text=\u00bbReserva ya\u00bb margin_top=\u00bb30&#8243; margin_bottom=\u00bb1&#8243;][\/vc_column_inner][vc_column_inner column_padding=\u00bbpadding-6-percent\u00bb column_padding_position=\u00bball\u00bb centered_text=\u00bbtrue\u00bb background_color=\u00bb#3452ff\u00bb background_color_opacity=\u00bb1&#8243; background_hover_color_opacity=\u00bb1&#8243; font_color=\u00bb#ffffff\u00bb column_shadow=\u00bbmedium_depth\u00bb column_border_radius=\u00bb10px\u00bb column_link_target=\u00bb_self\u00bb width=\u00bb1\/2&#8243; tablet_width_inherit=\u00bbdefault\u00bb column_border_width=\u00bbnone\u00bb column_border_style=\u00bbsolid\u00bb bg_image_animation=\u00bbnone\u00bb][vc_custom_heading text=\u00bb\u00bfPreguntas o ideas locas?\u00bb font_container=\u00bbtag:h3|text_align:center\u00bb use_theme_fonts=\u00bbyes\u00bb][nectar_btn size=\u00bblarge\u00bb button_style=\u00bbsee-through-2&#8243; color_override=\u00bb#ffffff\u00bb hover_color_override=\u00bb#ffffff\u00bb hover_text_color_override=\u00bb#000000&#8243; icon_family=\u00bbnone\u00bb url=\u00bbhttps:\/\/banzai.pt\/contactos\u00bb text=\u00bbHable con nosotros\u00bb margin_top=\u00bb30&#8243; margin_bottom=\u00bb1&#8243;][\/vc_column_inner][\/vc_row_inner][\/vc_column][\/vc_row]\n","protected":false},"excerpt":{"rendered":"<p>[vc_row type=\u00bbfull_width_content\u00bb full_screen_row_position=\u00bbmiddle\u00bb equal_height=\u00bbyes\u00bb content_placement=\u00bbmiddle\u00bb scene_position=\u00bbcenter\u00bb text_color=\u00bbdark\u00bb text_align=\u00bbleft\u00bb overlay_strength=\u00bb0.3&#8243; shape_divider_position=\u00bbbottom\u00bb bg_image_animation=\u00bbnone\u00bb][vc_column centered_text=\u00bbtrue\u00bb column_padding=\u00bbpadding-10-percent\u00bb column_padding_position=\u00bball\u00bb background_color=\u00bb#81358a\u00bb background_color_opacity=\u00bb0.5&#8243; background_hover_color_opacity=\u00bb1&#8243; background_image=\u00bb549&#8243; font_color=\u00bb#ffffff\u00bb column_link_target=\u00bb_self\u00bb column_shadow=\u00bbnone\u00bb column_border_radius=\u00bbnone\u00bb width=\u00bb2\/3&#8243; tablet_width_inherit=\u00bbdefault\u00bb tablet_text_alignment=\u00bbdefault\u00bb phone_text_alignment=\u00bbdefault\u00bb column_border_width=\u00bbnone\u00bb column_border_style=\u00bbsolid\u00bb bg_image_animation=\u00bbnone\u00bb][vc_custom_heading text=\u00bbFiestas&#8230;<\/p>\n","protected":false},"author":1,"featured_media":0,"parent":0,"menu_order":0,"comment_status":"closed","ping_status":"closed","template":"","meta":{"iawp_total_views":36,"footnotes":""},"class_list":["post-749","page","type-page","status-publish"],"yoast_head":"<!-- This site is optimized with the Yoast SEO plugin v27.6 - https:\/\/yoast.com\/product\/yoast-seo-wordpress\/ -->\n<title>Banzai ? Fiestas \u00e9picas de soltero en el centro de Oporto<\/title>\n<meta name=\"description\" content=\"\u00bfBuscas una despedida de soltero diferente e inolvidable? Estamos justo en el Centro de la Ciudad de Oporto y tenemos Actividades Inolvidables que te dar\u00e1n para hablar...\" \/>\n<meta name=\"robots\" content=\"index, follow, max-snippet:-1, max-image-preview:large, max-video-preview:-1\" \/>\n<link rel=\"canonical\" href=\"https:\/\/banzai.pt\/es\/fiestas-de-soltero\/\" \/>\n<meta property=\"og:locale\" content=\"es_ES\" \/>\n<meta property=\"og:type\" content=\"article\" \/>\n<meta property=\"og:title\" content=\"Banzai ? Fiestas \u00e9picas de soltero en el centro de Oporto\" \/>\n<meta property=\"og:description\" content=\"\u00bfBuscas una despedida de soltero diferente e inolvidable? Estamos justo en el Centro de la Ciudad de Oporto y tenemos Actividades Inolvidables que te dar\u00e1n para hablar...\" \/>\n<meta property=\"og:url\" content=\"https:\/\/banzai.pt\/es\/fiestas-de-soltero\/\" \/>\n<meta property=\"og:site_name\" content=\"Banzai\" \/>\n<meta property=\"article:modified_time\" content=\"2019-11-17T14:49:16+00:00\" \/>\n<meta name=\"twitter:card\" content=\"summary_large_image\" \/>\n<meta name=\"twitter:label1\" content=\"Tiempo de lectura\" \/>\n\t<meta name=\"twitter:data1\" content=\"4 minutos\" \/>\n<script type=\"application\/ld+json\" class=\"yoast-schema-graph\">{\"@context\":\"https:\\\/\\\/schema.org\",\"@graph\":[{\"@type\":\"WebPage\",\"@id\":\"https:\\\/\\\/banzai.pt\\\/es\\\/fiestas-de-soltero\\\/\",\"url\":\"https:\\\/\\\/banzai.pt\\\/es\\\/fiestas-de-soltero\\\/\",\"name\":\"Banzai ? Fiestas \u00e9picas de soltero en el centro de Oporto\",\"isPartOf\":{\"@id\":\"https:\\\/\\\/banzai.pt\\\/es\\\/#website\"},\"datePublished\":\"2019-11-17T14:49:14+00:00\",\"dateModified\":\"2019-11-17T14:49:16+00:00\",\"description\":\"\u00bfBuscas una despedida de soltero diferente e inolvidable? Estamos justo en el Centro de la Ciudad de Oporto y tenemos Actividades Inolvidables que te dar\u00e1n para hablar...\",\"breadcrumb\":{\"@id\":\"https:\\\/\\\/banzai.pt\\\/es\\\/fiestas-de-soltero\\\/#breadcrumb\"},\"inLanguage\":\"es\",\"potentialAction\":[{\"@type\":\"ReadAction\",\"target\":[\"https:\\\/\\\/banzai.pt\\\/es\\\/fiestas-de-soltero\\\/\"]}]},{\"@type\":\"BreadcrumbList\",\"@id\":\"https:\\\/\\\/banzai.pt\\\/es\\\/fiestas-de-soltero\\\/#breadcrumb\",\"itemListElement\":[{\"@type\":\"ListItem\",\"position\":1,\"name\":\"Home\",\"item\":\"https:\\\/\\\/banzai.pt\\\/es\\\/casa\\\/\"},{\"@type\":\"ListItem\",\"position\":2,\"name\":\"Fiestas de soltero\"}]},{\"@type\":\"WebSite\",\"@id\":\"https:\\\/\\\/banzai.pt\\\/es\\\/#website\",\"url\":\"https:\\\/\\\/banzai.pt\\\/es\\\/\",\"name\":\"Banzai\",\"description\":\"Banzai\",\"publisher\":{\"@id\":\"https:\\\/\\\/banzai.pt\\\/es\\\/#organization\"},\"potentialAction\":[{\"@type\":\"SearchAction\",\"target\":{\"@type\":\"EntryPoint\",\"urlTemplate\":\"https:\\\/\\\/banzai.pt\\\/es\\\/?s={search_term_string}\"},\"query-input\":{\"@type\":\"PropertyValueSpecification\",\"valueRequired\":true,\"valueName\":\"search_term_string\"}}],\"inLanguage\":\"es\"},{\"@type\":\"Organization\",\"@id\":\"https:\\\/\\\/banzai.pt\\\/es\\\/#organization\",\"name\":\"Banzai\",\"url\":\"https:\\\/\\\/banzai.pt\\\/es\\\/\",\"logo\":{\"@type\":\"ImageObject\",\"inLanguage\":\"es\",\"@id\":\"https:\\\/\\\/banzai.pt\\\/es\\\/#\\\/schema\\\/logo\\\/image\\\/\",\"url\":\"https:\\\/\\\/banzai.pt\\\/wp-content\\\/uploads\\\/2019\\\/07\\\/hero.png\",\"contentUrl\":\"https:\\\/\\\/banzai.pt\\\/wp-content\\\/uploads\\\/2019\\\/07\\\/hero.png\",\"width\":2560,\"height\":1870,\"caption\":\"Banzai\"},\"image\":{\"@id\":\"https:\\\/\\\/banzai.pt\\\/es\\\/#\\\/schema\\\/logo\\\/image\\\/\"}}]}<\/script>\n<!-- \/ Yoast SEO plugin. -->","yoast_head_json":{"title":"Banzai ? Fiestas \u00e9picas de soltero en el centro de Oporto","description":"\u00bfBuscas una despedida de soltero diferente e inolvidable? Estamos justo en el Centro de la Ciudad de Oporto y tenemos Actividades Inolvidables que te dar\u00e1n para hablar...","robots":{"index":"index","follow":"follow","max-snippet":"max-snippet:-1","max-image-preview":"max-image-preview:large","max-video-preview":"max-video-preview:-1"},"canonical":"https:\/\/banzai.pt\/es\/fiestas-de-soltero\/","og_locale":"es_ES","og_type":"article","og_title":"Banzai ? Fiestas \u00e9picas de soltero en el centro de Oporto","og_description":"\u00bfBuscas una despedida de soltero diferente e inolvidable? Estamos justo en el Centro de la Ciudad de Oporto y tenemos Actividades Inolvidables que te dar\u00e1n para hablar...","og_url":"https:\/\/banzai.pt\/es\/fiestas-de-soltero\/","og_site_name":"Banzai","article_modified_time":"2019-11-17T14:49:16+00:00","twitter_card":"summary_large_image","twitter_misc":{"Tiempo de lectura":"4 minutos"},"schema":{"@context":"https:\/\/schema.org","@graph":[{"@type":"WebPage","@id":"https:\/\/banzai.pt\/es\/fiestas-de-soltero\/","url":"https:\/\/banzai.pt\/es\/fiestas-de-soltero\/","name":"Banzai ? Fiestas \u00e9picas de soltero en el centro de Oporto","isPartOf":{"@id":"https:\/\/banzai.pt\/es\/#website"},"datePublished":"2019-11-17T14:49:14+00:00","dateModified":"2019-11-17T14:49:16+00:00","description":"\u00bfBuscas una despedida de soltero diferente e inolvidable? Estamos justo en el Centro de la Ciudad de Oporto y tenemos Actividades Inolvidables que te dar\u00e1n para hablar...","breadcrumb":{"@id":"https:\/\/banzai.pt\/es\/fiestas-de-soltero\/#breadcrumb"},"inLanguage":"es","potentialAction":[{"@type":"ReadAction","target":["https:\/\/banzai.pt\/es\/fiestas-de-soltero\/"]}]},{"@type":"BreadcrumbList","@id":"https:\/\/banzai.pt\/es\/fiestas-de-soltero\/#breadcrumb","itemListElement":[{"@type":"ListItem","position":1,"name":"Home","item":"https:\/\/banzai.pt\/es\/casa\/"},{"@type":"ListItem","position":2,"name":"Fiestas de soltero"}]},{"@type":"WebSite","@id":"https:\/\/banzai.pt\/es\/#website","url":"https:\/\/banzai.pt\/es\/","name":"Banzai","description":"Banzai","publisher":{"@id":"https:\/\/banzai.pt\/es\/#organization"},"potentialAction":[{"@type":"SearchAction","target":{"@type":"EntryPoint","urlTemplate":"https:\/\/banzai.pt\/es\/?s={search_term_string}"},"query-input":{"@type":"PropertyValueSpecification","valueRequired":true,"valueName":"search_term_string"}}],"inLanguage":"es"},{"@type":"Organization","@id":"https:\/\/banzai.pt\/es\/#organization","name":"Banzai","url":"https:\/\/banzai.pt\/es\/","logo":{"@type":"ImageObject","inLanguage":"es","@id":"https:\/\/banzai.pt\/es\/#\/schema\/logo\/image\/","url":"https:\/\/banzai.pt\/wp-content\/uploads\/2019\/07\/hero.png","contentUrl":"https:\/\/banzai.pt\/wp-content\/uploads\/2019\/07\/hero.png","width":2560,"height":1870,"caption":"Banzai"},"image":{"@id":"https:\/\/banzai.pt\/es\/#\/schema\/logo\/image\/"}}]}},"_links":{"self":[{"href":"https:\/\/banzai.pt\/es\/wp-json\/wp\/v2\/pages\/749","targetHints":{"allow":["GET"]}}],"collection":[{"href":"https:\/\/banzai.pt\/es\/wp-json\/wp\/v2\/pages"}],"about":[{"href":"https:\/\/banzai.pt\/es\/wp-json\/wp\/v2\/types\/page"}],"author":[{"embeddable":true,"href":"https:\/\/banzai.pt\/es\/wp-json\/wp\/v2\/users\/1"}],"replies":[{"embeddable":true,"href":"https:\/\/banzai.pt\/es\/wp-json\/wp\/v2\/comments?post=749"}],"version-history":[{"count":5,"href":"https:\/\/banzai.pt\/es\/wp-json\/wp\/v2\/pages\/749\/revisions"}],"predecessor-version":[{"id":754,"href":"https:\/\/banzai.pt\/es\/wp-json\/wp\/v2\/pages\/749\/revisions\/754"}],"wp:attachment":[{"href":"https:\/\/banzai.pt\/es\/wp-json\/wp\/v2\/media?parent=749"}],"curies":[{"name":"wp","href":"https:\/\/api.w.org\/{rel}","templated":true}]}}