{"id":5711,"date":"2025-12-16T10:47:34","date_gmt":"2025-12-16T10:47:34","guid":{"rendered":"https:\/\/banzai.pt\/?post_type=product&#038;p=5711"},"modified":"2025-12-17T15:47:44","modified_gmt":"2025-12-17T15:47:44","slug":"banzai-arena","status":"publish","type":"product","link":"https:\/\/banzai.pt\/en\/product\/banzai-arena\/","title":{"rendered":"Banzai Arena"},"content":{"rendered":"[vc_row type=&#8221;in_container&#8221; full_screen_row_position=&#8221;middle&#8221; column_margin=&#8221;default&#8221; column_direction=&#8221;default&#8221; column_direction_tablet=&#8221;default&#8221; column_direction_phone=&#8221;default&#8221; scene_position=&#8221;center&#8221; text_color=&#8221;dark&#8221; text_align=&#8221;left&#8221; row_border_radius=&#8221;none&#8221; row_border_radius_applies=&#8221;bg&#8221; row_position_desktop=&#8221;default&#8221; row_position_tablet=&#8221;inherit&#8221; row_position_phone=&#8221;inherit&#8221; overflow=&#8221;visible&#8221; overlay_strength=&#8221;0.3&#8243; gradient_direction=&#8221;left_to_right&#8221; shape_divider_position=&#8221;bottom&#8221; bg_image_animation=&#8221;none&#8221;][vc_column column_padding=&#8221;no-extra-padding&#8221; column_padding_tablet=&#8221;inherit&#8221; column_padding_phone=&#8221;inherit&#8221; column_padding_position=&#8221;all&#8221; flex_gap_desktop=&#8221;10px&#8221; column_element_direction_desktop=&#8221;default&#8221; column_element_spacing=&#8221;default&#8221; desktop_text_alignment=&#8221;default&#8221; tablet_text_alignment=&#8221;default&#8221; phone_text_alignment=&#8221;default&#8221; background_color_opacity=&#8221;1&#8243; background_hover_color_opacity=&#8221;1&#8243; column_backdrop_filter=&#8221;none&#8221; column_shadow=&#8221;none&#8221; column_border_radius=&#8221;none&#8221; column_link_target=&#8221;_self&#8221; column_position=&#8221;default&#8221; gradient_direction=&#8221;left_to_right&#8221; overlay_strength=&#8221;0.3&#8243; width=&#8221;1\/1&#8243; tablet_width_inherit=&#8221;default&#8221; animation_type=&#8221;default&#8221; bg_image_animation=&#8221;none&#8221; border_type=&#8221;simple&#8221; column_border_width=&#8221;none&#8221; column_border_style=&#8221;solid&#8221;][vc_column_text css=&#8221;&#8221; text_direction=&#8221;default&#8221;]Em vez de comandos na m\u00e3o, h\u00e1 sensores no ch\u00e3o, bot\u00f5es luminosos nas paredes, lasers a cortar o caminho e cestos de basquete que ganham vida!<\/p>\n<p>Cada jogo \u00e9 uma \u201cmicro-arena\u201d diferente, com desafios r\u00e1pidos e intensos: corres, saltas, esquivas-te, acertas em alvos, decoras padr\u00f5es, foges de lasers e muito mais!<\/p>\n<p><strong>A equipa vai saltar entre diferentes arenas, escolher modos de jogo e n\u00edveis<\/strong>, e tentar sobreviver a uma chuva de luzes, sons e desafios. Em cada ronda, escolhem um jogo, uma dificuldade e\u2026 o cron\u00f3metro come\u00e7a a contar.<\/p>\n<p><strong>\u00danico na Peninsula Ib\u00e9rica!<\/strong><\/p>\n<p>&nbsp;<\/p>\n<p>Comprar um voucher na Banzai \u00e9 t\u00e3o simples quanto desvendar o primeiro passo de uma grande miss\u00e3o! \ud83d\ude0e<\/p>\n<p>Em poucas horas, o voucher digital estar\u00e1 no seu e-mail, prontinho para uso ou personaliza\u00e7\u00e3o \u2013 coloque aquele toque especial que s\u00f3 voc\u00ea sabe fazer.<\/p>\n<div class=\"flex-shrink-0 flex flex-col relative items-end\">\n<div>\n<div class=\"pt-0\">\n<div class=\"gizmo-bot-avatar flex h-8 w-8 items-center justify-center overflow-hidden rounded-full\">\n<div class=\"relative p-1 rounded-sm flex items-center justify-center bg-token-main-surface-primary text-token-text-primary h-8 w-8\"><\/div>\n<\/div>\n<\/div>\n<\/div>\n<\/div>\n<div class=\"group\/conversation-turn relative flex w-full min-w-0 flex-col agent-turn\">\n<div class=\"flex-col gap-1 md:gap-3\">\n<div class=\"flex max-w-full flex-col flex-grow\">\n<div class=\"min-h-8 text-message flex w-full flex-col items-end gap-2 whitespace-normal break-words [.text-message+&amp;]:mt-5\" dir=\"auto\" data-message-author-role=\"assistant\" data-message-id=\"1733d812-3286-4fec-bf43-e097019fe2f6\" data-message-model-slug=\"gpt-4o\">\n<div class=\"flex w-full flex-col gap-1 empty:hidden first:pt-[3px]\">\n<div class=\"markdown prose w-full break-words dark:prose-invert light\">\n<p>\ud83c\udf81 <strong>Torne o presente ainda mais inesquec\u00edvel com estas op\u00e7\u00f5es incr\u00edveis:<\/strong><\/p>\n<ul>\n<li><strong>Caixa Mist\u00e9rio:<\/strong> Parece simples, mas descobrir como abri-la ser\u00e1 um desafio que vai fazer todo mundo co\u00e7ar a cabe\u00e7a e sorrir de satisfa\u00e7\u00e3o. S\u00f3 depois de resolver o enigma a pessoa saber\u00e1 o que realmente ganhou!<\/li>\n<li><strong>Caixa Mist\u00e9rio Premium:<\/strong> Maior e ainda mais desafiante, esta vers\u00e3o inclui v\u00e1rias etapas at\u00e9 ser aberta. O presente ideal para quem adora um derradeiro desafio \u2013 e a revela\u00e7\u00e3o final s\u00f3 acontece depois de superar tudo!<\/li>\n<li><strong>Cubo Puzzle:<\/strong> Teste de habilidade! Resolva o puzzle com destreza para levar a bolinha ao local certo, abrir o cubo e, finalmente, desvendar a surpresa guardada.<\/li>\n<\/ul>\n<p><em>\ud83d\udd0d A emo\u00e7\u00e3o come\u00e7a antes mesmo de saber o que recebeu!<\/em><\/p>\n<\/div>\n<\/div>\n<\/div>\n<\/div>\n<\/div>\n<\/div>\n<p>Divers\u00e3o garantida antes mesmo do jogo come\u00e7ar. E para completar, acompanha um <strong>saco super divertido<\/strong>, que \u00e9 um verdadeiro im\u00e3 de curiosidade \u2013 com certeza ser\u00e1 o destaque entre todas as prendas!<\/p>\n<p>&nbsp;<\/p>\n<p>\ud83d\udce6 <strong>Importante:<\/strong><\/p>\n<ul>\n<li><strong>Vouchers f\u00edsicos<\/strong> (caixas e puzzles) n\u00e3o est\u00e3o dispon\u00edveis para entrega na loja nos dias 24, 25 e 31 de dezembro e 1 de janeiro.<\/li>\n<li>Devolu\u00e7\u00f5es? Sim, at\u00e9 14 dias! Mas s\u00f3 se o c\u00f3digo ainda n\u00e3o foi usado e o voucher f\u00edsico estiver intacto e sem personaliza\u00e7\u00f5es adicionais.<\/li>\n<\/ul>\n<p>\ud83c\udfae Surpreenda com um presente que come\u00e7a a divertir antes mesmo de chegar \u00e0 sala de jogos. Banzai: a aventura est\u00e1 s\u00f3 a come\u00e7ar![\/vc_column_text][\/vc_column][\/vc_row]\n","protected":false},"excerpt":{"rendered":"<p>[vc_row type=&#8221;in_container&#8221; full_screen_row_position=&#8221;middle&#8221; column_margin=&#8221;default&#8221; column_direction=&#8221;default&#8221; column_direction_tablet=&#8221;default&#8221; column_direction_phone=&#8221;default&#8221; scene_position=&#8221;center&#8221; text_color=&#8221;dark&#8221; text_align=&#8221;left&#8221; row_border_radius=&#8221;none&#8221; row_border_radius_applies=&#8221;bg&#8221; row_position_desktop=&#8221;default&#8221; row_position_tablet=&#8221;inherit&#8221; row_position_phone=&#8221;inherit&#8221; overflow=&#8221;visible&#8221; overlay_strength=&#8221;0.3&#8243; gradient_direction=&#8221;left_to_right&#8221; shape_divider_position=&#8221;bottom&#8221; bg_image_animation=&#8221;none&#8221;][vc_column column_padding=&#8221;no-extra-padding&#8221; column_padding_tablet=&#8221;inherit&#8221; column_padding_phone=&#8221;inherit&#8221; column_padding_position=&#8221;all&#8221; flex_gap_desktop=&#8221;10px&#8221; column_element_direction_desktop=&#8221;default&#8221; column_element_spacing=&#8221;default&#8221; desktop_text_alignment=&#8221;default&#8221; tablet_text_alignment=&#8221;default&#8221; phone_text_alignment=&#8221;default&#8221;&#8230;<\/p>\n","protected":false},"featured_media":5658,"comment_status":"open","ping_status":"closed","template":"","meta":{"iawp_total_views":890},"product_brand":[],"product_cat":[36],"product_tag":[],"class_list":{"0":"post-5711","1":"product","2":"type-product","3":"status-publish","4":"has-post-thumbnail","6":"product_cat-vouchers-loja","8":"first","9":"instock","10":"shipping-taxable","11":"purchasable","12":"product-type-variable"},"yoast_head":"<!-- This site is optimized with the Yoast SEO plugin v27.5 - https:\/\/yoast.com\/product\/yoast-seo-wordpress\/ -->\n<title>Banzai Arena - Banzai<\/title>\n<meta name=\"robots\" content=\"index, follow, max-snippet:-1, max-image-preview:large, max-video-preview:-1\" \/>\n<link rel=\"canonical\" href=\"https:\/\/banzai.pt\/en\/product\/banzai-arena\/\" \/>\n<meta property=\"og:locale\" content=\"en_US\" \/>\n<meta property=\"og:type\" content=\"article\" \/>\n<meta property=\"og:title\" content=\"Banzai Arena - Banzai\" \/>\n<meta property=\"og:description\" content=\"[vc_row type=&#8221;in_container&#8221; full_screen_row_position=&#8221;middle&#8221; column_margin=&#8221;default&#8221; column_direction=&#8221;default&#8221; column_direction_tablet=&#8221;default&#8221; column_direction_phone=&#8221;default&#8221; scene_position=&#8221;center&#8221; text_color=&#8221;dark&#8221; text_align=&#8221;left&#8221; row_border_radius=&#8221;none&#8221; row_border_radius_applies=&#8221;bg&#8221; row_position_desktop=&#8221;default&#8221; row_position_tablet=&#8221;inherit&#8221; row_position_phone=&#8221;inherit&#8221; overflow=&#8221;visible&#8221; overlay_strength=&#8221;0.3&#8243; gradient_direction=&#8221;left_to_right&#8221; shape_divider_position=&#8221;bottom&#8221; bg_image_animation=&#8221;none&#8221;][vc_column column_padding=&#8221;no-extra-padding&#8221; column_padding_tablet=&#8221;inherit&#8221; column_padding_phone=&#8221;inherit&#8221; column_padding_position=&#8221;all&#8221; flex_gap_desktop=&#8221;10px&#8221; column_element_direction_desktop=&#8221;default&#8221; column_element_spacing=&#8221;default&#8221; desktop_text_alignment=&#8221;default&#8221; tablet_text_alignment=&#8221;default&#8221; phone_text_alignment=&#8221;default&#8221;...\" \/>\n<meta property=\"og:url\" content=\"https:\/\/banzai.pt\/en\/product\/banzai-arena\/\" \/>\n<meta property=\"og:site_name\" content=\"Banzai\" \/>\n<meta property=\"article:modified_time\" content=\"2025-12-17T15:47:44+00:00\" \/>\n<meta property=\"og:image\" content=\"https:\/\/banzai.pt\/wp-content\/uploads\/2025\/12\/banzai-arena-card1.png\" \/>\n\t<meta property=\"og:image:width\" content=\"801\" \/>\n\t<meta property=\"og:image:height\" content=\"1000\" \/>\n\t<meta property=\"og:image:type\" content=\"image\/png\" \/>\n<meta name=\"twitter:card\" content=\"summary_large_image\" \/>\n<meta name=\"twitter:label1\" content=\"Est. reading time\" \/>\n\t<meta name=\"twitter:data1\" content=\"1 minute\" \/>\n<script type=\"application\/ld+json\" class=\"yoast-schema-graph\">{\"@context\":\"https:\\\/\\\/schema.org\",\"@graph\":[{\"@type\":\"WebPage\",\"@id\":\"https:\\\/\\\/banzai.pt\\\/en\\\/product\\\/banzai-arena\\\/\",\"url\":\"https:\\\/\\\/banzai.pt\\\/en\\\/product\\\/banzai-arena\\\/\",\"name\":\"Banzai Arena - Banzai\",\"isPartOf\":{\"@id\":\"https:\\\/\\\/banzai.pt\\\/en\\\/#website\"},\"primaryImageOfPage\":{\"@id\":\"https:\\\/\\\/banzai.pt\\\/en\\\/product\\\/banzai-arena\\\/#primaryimage\"},\"image\":{\"@id\":\"https:\\\/\\\/banzai.pt\\\/en\\\/product\\\/banzai-arena\\\/#primaryimage\"},\"thumbnailUrl\":\"https:\\\/\\\/banzai.pt\\\/wp-content\\\/uploads\\\/2025\\\/12\\\/banzai-arena-card1.png\",\"datePublished\":\"2025-12-16T10:47:34+00:00\",\"dateModified\":\"2025-12-17T15:47:44+00:00\",\"breadcrumb\":{\"@id\":\"https:\\\/\\\/banzai.pt\\\/en\\\/product\\\/banzai-arena\\\/#breadcrumb\"},\"inLanguage\":\"en-US\",\"potentialAction\":[{\"@type\":\"ReadAction\",\"target\":[\"https:\\\/\\\/banzai.pt\\\/en\\\/product\\\/banzai-arena\\\/\"]}]},{\"@type\":\"ImageObject\",\"inLanguage\":\"en-US\",\"@id\":\"https:\\\/\\\/banzai.pt\\\/en\\\/product\\\/banzai-arena\\\/#primaryimage\",\"url\":\"https:\\\/\\\/banzai.pt\\\/wp-content\\\/uploads\\\/2025\\\/12\\\/banzai-arena-card1.png\",\"contentUrl\":\"https:\\\/\\\/banzai.pt\\\/wp-content\\\/uploads\\\/2025\\\/12\\\/banzai-arena-card1.png\",\"width\":801,\"height\":1000},{\"@type\":\"BreadcrumbList\",\"@id\":\"https:\\\/\\\/banzai.pt\\\/en\\\/product\\\/banzai-arena\\\/#breadcrumb\",\"itemListElement\":[{\"@type\":\"ListItem\",\"position\":1,\"name\":\"Home\",\"item\":\"https:\\\/\\\/banzai.pt\\\/en\\\/home\\\/\"},{\"@type\":\"ListItem\",\"position\":2,\"name\":\"Vouchers Prenda\",\"item\":\"https:\\\/\\\/banzai.pt\\\/vouchers-prenda\\\/\"},{\"@type\":\"ListItem\",\"position\":3,\"name\":\"Banzai Arena\"}]},{\"@type\":\"WebSite\",\"@id\":\"https:\\\/\\\/banzai.pt\\\/en\\\/#website\",\"url\":\"https:\\\/\\\/banzai.pt\\\/en\\\/\",\"name\":\"Banzai\",\"description\":\"Banzai - Play. Connect. Remember.\",\"publisher\":{\"@id\":\"https:\\\/\\\/banzai.pt\\\/en\\\/#organization\"},\"potentialAction\":[{\"@type\":\"SearchAction\",\"target\":{\"@type\":\"EntryPoint\",\"urlTemplate\":\"https:\\\/\\\/banzai.pt\\\/en\\\/?s={search_term_string}\"},\"query-input\":{\"@type\":\"PropertyValueSpecification\",\"valueRequired\":true,\"valueName\":\"search_term_string\"}}],\"inLanguage\":\"en-US\"},{\"@type\":\"Organization\",\"@id\":\"https:\\\/\\\/banzai.pt\\\/en\\\/#organization\",\"name\":\"Banzai\",\"url\":\"https:\\\/\\\/banzai.pt\\\/en\\\/\",\"logo\":{\"@type\":\"ImageObject\",\"inLanguage\":\"en-US\",\"@id\":\"https:\\\/\\\/banzai.pt\\\/en\\\/#\\\/schema\\\/logo\\\/image\\\/\",\"url\":\"https:\\\/\\\/banzai.pt\\\/wp-content\\\/uploads\\\/2019\\\/07\\\/hero.png\",\"contentUrl\":\"https:\\\/\\\/banzai.pt\\\/wp-content\\\/uploads\\\/2019\\\/07\\\/hero.png\",\"width\":2560,\"height\":1870,\"caption\":\"Banzai\"},\"image\":{\"@id\":\"https:\\\/\\\/banzai.pt\\\/en\\\/#\\\/schema\\\/logo\\\/image\\\/\"}}]}<\/script>\n<!-- \/ Yoast SEO plugin. -->","yoast_head_json":{"title":"Banzai Arena - Banzai","robots":{"index":"index","follow":"follow","max-snippet":"max-snippet:-1","max-image-preview":"max-image-preview:large","max-video-preview":"max-video-preview:-1"},"canonical":"https:\/\/banzai.pt\/en\/product\/banzai-arena\/","og_locale":"en_US","og_type":"article","og_title":"Banzai Arena - Banzai","og_description":"[vc_row type=&#8221;in_container&#8221; full_screen_row_position=&#8221;middle&#8221; column_margin=&#8221;default&#8221; column_direction=&#8221;default&#8221; column_direction_tablet=&#8221;default&#8221; column_direction_phone=&#8221;default&#8221; scene_position=&#8221;center&#8221; text_color=&#8221;dark&#8221; text_align=&#8221;left&#8221; row_border_radius=&#8221;none&#8221; row_border_radius_applies=&#8221;bg&#8221; row_position_desktop=&#8221;default&#8221; row_position_tablet=&#8221;inherit&#8221; row_position_phone=&#8221;inherit&#8221; overflow=&#8221;visible&#8221; overlay_strength=&#8221;0.3&#8243; gradient_direction=&#8221;left_to_right&#8221; shape_divider_position=&#8221;bottom&#8221; bg_image_animation=&#8221;none&#8221;][vc_column column_padding=&#8221;no-extra-padding&#8221; column_padding_tablet=&#8221;inherit&#8221; column_padding_phone=&#8221;inherit&#8221; column_padding_position=&#8221;all&#8221; flex_gap_desktop=&#8221;10px&#8221; column_element_direction_desktop=&#8221;default&#8221; column_element_spacing=&#8221;default&#8221; desktop_text_alignment=&#8221;default&#8221; tablet_text_alignment=&#8221;default&#8221; phone_text_alignment=&#8221;default&#8221;...","og_url":"https:\/\/banzai.pt\/en\/product\/banzai-arena\/","og_site_name":"Banzai","article_modified_time":"2025-12-17T15:47:44+00:00","og_image":[{"width":801,"height":1000,"url":"https:\/\/banzai.pt\/wp-content\/uploads\/2025\/12\/banzai-arena-card1.png","type":"image\/png"}],"twitter_card":"summary_large_image","twitter_misc":{"Est. reading time":"1 minute"},"schema":{"@context":"https:\/\/schema.org","@graph":[{"@type":"WebPage","@id":"https:\/\/banzai.pt\/en\/product\/banzai-arena\/","url":"https:\/\/banzai.pt\/en\/product\/banzai-arena\/","name":"Banzai Arena - Banzai","isPartOf":{"@id":"https:\/\/banzai.pt\/en\/#website"},"primaryImageOfPage":{"@id":"https:\/\/banzai.pt\/en\/product\/banzai-arena\/#primaryimage"},"image":{"@id":"https:\/\/banzai.pt\/en\/product\/banzai-arena\/#primaryimage"},"thumbnailUrl":"https:\/\/banzai.pt\/wp-content\/uploads\/2025\/12\/banzai-arena-card1.png","datePublished":"2025-12-16T10:47:34+00:00","dateModified":"2025-12-17T15:47:44+00:00","breadcrumb":{"@id":"https:\/\/banzai.pt\/en\/product\/banzai-arena\/#breadcrumb"},"inLanguage":"en-US","potentialAction":[{"@type":"ReadAction","target":["https:\/\/banzai.pt\/en\/product\/banzai-arena\/"]}]},{"@type":"ImageObject","inLanguage":"en-US","@id":"https:\/\/banzai.pt\/en\/product\/banzai-arena\/#primaryimage","url":"https:\/\/banzai.pt\/wp-content\/uploads\/2025\/12\/banzai-arena-card1.png","contentUrl":"https:\/\/banzai.pt\/wp-content\/uploads\/2025\/12\/banzai-arena-card1.png","width":801,"height":1000},{"@type":"BreadcrumbList","@id":"https:\/\/banzai.pt\/en\/product\/banzai-arena\/#breadcrumb","itemListElement":[{"@type":"ListItem","position":1,"name":"Home","item":"https:\/\/banzai.pt\/en\/home\/"},{"@type":"ListItem","position":2,"name":"Vouchers Prenda","item":"https:\/\/banzai.pt\/vouchers-prenda\/"},{"@type":"ListItem","position":3,"name":"Banzai Arena"}]},{"@type":"WebSite","@id":"https:\/\/banzai.pt\/en\/#website","url":"https:\/\/banzai.pt\/en\/","name":"Banzai","description":"Banzai - Play. Connect. Remember.","publisher":{"@id":"https:\/\/banzai.pt\/en\/#organization"},"potentialAction":[{"@type":"SearchAction","target":{"@type":"EntryPoint","urlTemplate":"https:\/\/banzai.pt\/en\/?s={search_term_string}"},"query-input":{"@type":"PropertyValueSpecification","valueRequired":true,"valueName":"search_term_string"}}],"inLanguage":"en-US"},{"@type":"Organization","@id":"https:\/\/banzai.pt\/en\/#organization","name":"Banzai","url":"https:\/\/banzai.pt\/en\/","logo":{"@type":"ImageObject","inLanguage":"en-US","@id":"https:\/\/banzai.pt\/en\/#\/schema\/logo\/image\/","url":"https:\/\/banzai.pt\/wp-content\/uploads\/2019\/07\/hero.png","contentUrl":"https:\/\/banzai.pt\/wp-content\/uploads\/2019\/07\/hero.png","width":2560,"height":1870,"caption":"Banzai"},"image":{"@id":"https:\/\/banzai.pt\/en\/#\/schema\/logo\/image\/"}}]}},"_links":{"self":[{"href":"https:\/\/banzai.pt\/en\/wp-json\/wp\/v2\/product\/5711","targetHints":{"allow":["GET"]}}],"collection":[{"href":"https:\/\/banzai.pt\/en\/wp-json\/wp\/v2\/product"}],"about":[{"href":"https:\/\/banzai.pt\/en\/wp-json\/wp\/v2\/types\/product"}],"replies":[{"embeddable":true,"href":"https:\/\/banzai.pt\/en\/wp-json\/wp\/v2\/comments?post=5711"}],"wp:featuredmedia":[{"embeddable":true,"href":"https:\/\/banzai.pt\/en\/wp-json\/wp\/v2\/media\/5658"}],"wp:attachment":[{"href":"https:\/\/banzai.pt\/en\/wp-json\/wp\/v2\/media?parent=5711"}],"wp:term":[{"taxonomy":"product_brand","embeddable":true,"href":"https:\/\/banzai.pt\/en\/wp-json\/wp\/v2\/product_brand?post=5711"},{"taxonomy":"product_cat","embeddable":true,"href":"https:\/\/banzai.pt\/en\/wp-json\/wp\/v2\/product_cat?post=5711"},{"taxonomy":"product_tag","embeddable":true,"href":"https:\/\/banzai.pt\/en\/wp-json\/wp\/v2\/product_tag?post=5711"}],"curies":[{"name":"wp","href":"https:\/\/api.w.org\/{rel}","templated":true}]}}